{"id":6368,"date":"2025-08-22T18:51:00","date_gmt":"2025-08-22T18:51:00","guid":{"rendered":"https:\/\/ace-shop.com\/?post_type=product&#038;p=6368"},"modified":"2025-10-25T13:40:00","modified_gmt":"2025-10-25T13:40:00","slug":"hp-grasshopper-fx-voorraad","status":"publish","type":"product","link":"https:\/\/ace-shop.com\/de\/produkt\/hp-grasshopper-fx-voorraad\/","title":{"rendered":"HP Grasshopper fx"},"content":{"rendered":"","protected":false},"excerpt":{"rendered":"<p>&nbsp;<\/p>\n<ul>\n<li>Die Fotos stammen vom Hersteller, unsere eigenen Fotos m\u00fcssen noch gemacht werden.<\/li>\n<li>Unser Modell hat Unterlenker.<\/li>\n<li>Mit einem Bodylink-Sattel, aber ein anderer von HP ist auch m\u00f6glich.<\/li>\n<li>Mit Airflow-Sattelpolster, Spiegel und Schwalbe Marathon Racer-Reifen.<\/li>\n<li>8 G\u00e4nge \u00fcber eine Nabe, sodass Sie auch im Stand schalten k\u00f6nnen.<\/li>\n<li>Laut HP in 60 Sekunden zusammenklappbar.<\/li>\n<li>L\u00e4sst sich leicht im Auto und Zug transportieren.<\/li>\n<li>Gewinner des Eurobike Award 2007.<\/li>\n<li>Geeignet f\u00fcr Fahrer von 158 bis 200 cm.<\/li>\n<li>20\u2033 Vorder- und Hinterrad.<\/li>\n<\/ul>\n","protected":false},"featured_media":7239,"template":"","meta":{"_acf_changed":false,"_lmt_disableupdate":"no","_lmt_disable":""},"product_brand":[],"product_cat":[136],"product_tag":[],"class_list":{"0":"post-6368","1":"product","2":"type-product","3":"status-publish","4":"has-post-thumbnail","6":"product_cat-zweirad","7":"pa_fietsdoel-freizeit","8":"pa_fietsdoel-geschwindigkeit","9":"pa_maximale-draagvermogen-130-de","10":"pa_merk-hp-velotechnik-de","11":"pa_soort-frame-faltrad","12":"pa_status-auf-lager-zu-vermieten","13":"pa_stuur-unten","14":"pa_vering-vollstaendig","16":"first","17":"instock","18":"shipping-taxable","19":"purchasable","20":"product-type-simple"},"acf":[],"_links":{"self":[{"href":"https:\/\/ace-shop.com\/de\/wp-json\/wp\/v2\/product\/6368","targetHints":{"allow":["GET"]}}],"collection":[{"href":"https:\/\/ace-shop.com\/de\/wp-json\/wp\/v2\/product"}],"about":[{"href":"https:\/\/ace-shop.com\/de\/wp-json\/wp\/v2\/types\/product"}],"wp:featuredmedia":[{"embeddable":true,"href":"https:\/\/ace-shop.com\/de\/wp-json\/wp\/v2\/media\/7239"}],"wp:attachment":[{"href":"https:\/\/ace-shop.com\/de\/wp-json\/wp\/v2\/media?parent=6368"}],"wp:term":[{"taxonomy":"product_brand","embeddable":true,"href":"https:\/\/ace-shop.com\/de\/wp-json\/wp\/v2\/product_brand?post=6368"},{"taxonomy":"product_cat","embeddable":true,"href":"https:\/\/ace-shop.com\/de\/wp-json\/wp\/v2\/product_cat?post=6368"},{"taxonomy":"product_tag","embeddable":true,"href":"https:\/\/ace-shop.com\/de\/wp-json\/wp\/v2\/product_tag?post=6368"}],"curies":[{"name":"wp","href":"https:\/\/api.w.org\/{rel}","templated":true}]}}