{"id":6352,"date":"2025-08-21T08:21:27","date_gmt":"2025-08-21T08:21:27","guid":{"rendered":"https:\/\/ace-shop.com\/?post_type=product&#038;p=6352"},"modified":"2025-08-21T08:44:43","modified_gmt":"2025-08-21T08:44:43","slug":"hp-delta-tx-grau","status":"publish","type":"product","link":"https:\/\/ace-shop.com\/de\/produkt\/hp-delta-tx-grau\/","title":{"rendered":"HP Delta tx  grau"},"content":{"rendered":"","protected":false},"excerpt":{"rendered":"<ul>\n<li>Neues Modell von HP Velotechnik<\/li>\n<li><\/li>\n<li>Delta-Form mit einem Rad vorne, zwei hinten.<\/li>\n<li>Dadurch ein kleiner Wendekreis<\/li>\n<li>Komfortables Dreirad Mit Bafang M300 Motor Mit passendem Akku: 450 W\/H<\/li>\n<li>Schalten ist nicht notwendig, es ist eine Automatik: Enviolo trekking automatiq<\/li>\n<li>komplett mit Schutzbleche und Gep\u00e4cktr\u00e4ger, IQ-XS light, Feststellbremse,<\/li>\n<li>Kopfst\u00fctze, Rahmenschloss und Spiegel<\/li>\n<li>sehr komfortabel mit Hinterradaufh\u00e4ngung<\/li>\n<li>20&#8243; Vorderrad, 20&#8243; Hinterrad<\/li>\n<li>Auf dieses Fahrrad passen mehrere HP-Sitze. Wie zum Beispiel der Body Link, das Ergomesh und der Premium Ergomesh Stuhl. Die letzten beiden sind in verschiedenen Gr\u00f6\u00dfen erh\u00e4ltlich. Wir haben sie in der Regel auf Lager.<\/li>\n<li>Der Preis wird mit einem\u00a0 XL Mesh-Sitz berechnet.<\/li>\n<\/ul>\n","protected":false},"featured_media":7245,"template":"","meta":{"_acf_changed":false,"_lmt_disableupdate":"no","_lmt_disable":""},"product_brand":[],"product_cat":[135],"product_tag":[],"class_list":{"0":"post-6352","1":"product","2":"type-product","3":"status-publish","4":"has-post-thumbnail","6":"product_cat-stabiles-dreirad","7":"pa_elektrische-ondersteuning-ja-de","8":"pa_fietsdoel-freizeit","9":"pa_fietsdoel-rehabilitation","10":"pa_maximale-draagvermogen-140-de","11":"pa_merk-hp-velotechnik-de","12":"pa_op-afstappen-einfach","13":"pa_soort-frame-teilbar","14":"pa_status-auf-lager-zu-vermieten","15":"pa_stuur-oben","16":"pa_vering-hinter","18":"first","19":"instock","20":"shipping-taxable","21":"purchasable","22":"product-type-simple"},"acf":[],"_links":{"self":[{"href":"https:\/\/ace-shop.com\/de\/wp-json\/wp\/v2\/product\/6352","targetHints":{"allow":["GET"]}}],"collection":[{"href":"https:\/\/ace-shop.com\/de\/wp-json\/wp\/v2\/product"}],"about":[{"href":"https:\/\/ace-shop.com\/de\/wp-json\/wp\/v2\/types\/product"}],"wp:featuredmedia":[{"embeddable":true,"href":"https:\/\/ace-shop.com\/de\/wp-json\/wp\/v2\/media\/7245"}],"wp:attachment":[{"href":"https:\/\/ace-shop.com\/de\/wp-json\/wp\/v2\/media?parent=6352"}],"wp:term":[{"taxonomy":"product_brand","embeddable":true,"href":"https:\/\/ace-shop.com\/de\/wp-json\/wp\/v2\/product_brand?post=6352"},{"taxonomy":"product_cat","embeddable":true,"href":"https:\/\/ace-shop.com\/de\/wp-json\/wp\/v2\/product_cat?post=6352"},{"taxonomy":"product_tag","embeddable":true,"href":"https:\/\/ace-shop.com\/de\/wp-json\/wp\/v2\/product_tag?post=6352"}],"curies":[{"name":"wp","href":"https:\/\/api.w.org\/{rel}","templated":true}]}}