{"id":5048,"date":"2025-01-20T10:30:41","date_gmt":"2025-01-20T10:30:41","guid":{"rendered":"https:\/\/ace-shop.com\/?post_type=product&#038;p=5048"},"modified":"2025-10-03T13:05:16","modified_gmt":"2025-10-03T13:05:16","slug":"neues-modell-hase-kettwiesel-one-bestelbaar","status":"publish","type":"product","link":"https:\/\/ace-shop.com\/de\/produkt\/neues-modell-hase-kettwiesel-one-bestelbaar\/","title":{"rendered":"Neues Modell: Hase kettwiesel one"},"content":{"rendered":"","protected":false},"excerpt":{"rendered":"<p>Neues Modell von Hase<\/p>\n<ul>\n<li>Einfaches Einsteigen, gutes Verkehrs\u00fcbersicht<\/li>\n<li>Stabiles, komfortables Dreirad f\u00fcr Touren<\/li>\n<li>Einfache \u00c4nderung der Sitzh\u00f6he<\/li>\n<li>Stuhl ahtmet, h\u00e4lt Ihren R\u00fccken k\u00fchl<\/li>\n<li>\u00a0Shimano STEPS 50, 60 oder 85 NMotor mit 600 W\/h Akku<br \/>\nDiese elektrische Unterst\u00fctzung verschiebt Ihre Grenzen um mehr als 100 Kilometer (im Eco-Modus).<\/li>\n<li>Einziehbar, kann oft hinten im Auto platziert werden<\/li>\n<li>Komplett mit Spiegel<\/li>\n<li>Wahl einem Korb auf der R\u00fcckseite<\/li>\n<li><\/li>\n<li>geeignet f\u00fcr Reiter von 110 &#8211; 200 cm<\/li>\n<\/ul>\n<p>Technische Daten:<\/p>\n<ul>\n<li>20-Zoll-Vorderr\u00e4der, 20-Zoll-Hinterr\u00e4der<\/li>\n<li>Sitzh\u00f6he von 52-60 cm<\/li>\n<li>L\u00e4nge 162-227 cm, Breite 88 cm<\/li>\n<li>kleinstes Packma\u00df ohne Vorderrad: 135 x 88 x 56<\/li>\n<li>Tretlagerh\u00f6he 42 cm<\/li>\n<li>Kurbell\u00e4nge 170 mm<\/li>\n<li>70 mm Federweg<\/li>\n<\/ul>\n<p>&nbsp;<\/p>\n<p>Der Preis h\u00e4ngt von der Ausf\u00fchrung ab:<\/p>\n<ul>\n<li>W\u00e4hlen Sie Ihre Ausf\u00fchrung im Konfigurator aus. (siehe unten)<\/li>\n<li>Teilen Sie den dort angegebenen Preis durch 1,19 ( 19 % MwSt.)<\/li>\n<li>Multiplizieren Sie dann mit 1,09 (bei uns 9 % MwSt.)<\/li>\n<li>Das ist der Preis bei uns.<\/li>\n<\/ul>\n","protected":false},"featured_media":4980,"template":"","meta":{"_acf_changed":false,"_lmt_disableupdate":"no","_lmt_disable":""},"product_brand":[],"product_cat":[135],"product_tag":[],"class_list":{"0":"post-5048","1":"product","2":"type-product","3":"status-publish","4":"has-post-thumbnail","6":"product_cat-stabiles-dreirad","7":"pa_elektrische-ondersteuning-ja-de","8":"pa_fietsdoel-freizeit","9":"pa_fietsdoel-rehabilitation","10":"pa_maximale-draagvermogen-140-de","11":"pa_merk-hase-de","12":"pa_op-afstappen-einfach","13":"pa_soort-frame-erweiterbar","14":"pa_status-bestellen-ist-m","15":"pa_stuur-unten","16":"pa_vering-vollstaendig","18":"first","19":"outofstock","20":"shipping-taxable","21":"product-type-simple"},"acf":[],"_links":{"self":[{"href":"https:\/\/ace-shop.com\/de\/wp-json\/wp\/v2\/product\/5048","targetHints":{"allow":["GET"]}}],"collection":[{"href":"https:\/\/ace-shop.com\/de\/wp-json\/wp\/v2\/product"}],"about":[{"href":"https:\/\/ace-shop.com\/de\/wp-json\/wp\/v2\/types\/product"}],"wp:featuredmedia":[{"embeddable":true,"href":"https:\/\/ace-shop.com\/de\/wp-json\/wp\/v2\/media\/4980"}],"wp:attachment":[{"href":"https:\/\/ace-shop.com\/de\/wp-json\/wp\/v2\/media?parent=5048"}],"wp:term":[{"taxonomy":"product_brand","embeddable":true,"href":"https:\/\/ace-shop.com\/de\/wp-json\/wp\/v2\/product_brand?post=5048"},{"taxonomy":"product_cat","embeddable":true,"href":"https:\/\/ace-shop.com\/de\/wp-json\/wp\/v2\/product_cat?post=5048"},{"taxonomy":"product_tag","embeddable":true,"href":"https:\/\/ace-shop.com\/de\/wp-json\/wp\/v2\/product_tag?post=5048"}],"curies":[{"name":"wp","href":"https:\/\/api.w.org\/{rel}","templated":true}]}}