{"id":4955,"date":"2024-02-25T19:54:52","date_gmt":"2024-02-25T19:54:52","guid":{"rendered":"https:\/\/ace-shop.com\/?post_type=product&#038;p=4955"},"modified":"2025-10-09T08:07:03","modified_gmt":"2025-10-09T08:07:03","slug":"hp-delta-tx-bestelbaar-2","status":"publish","type":"product","link":"https:\/\/ace-shop.com\/de\/produkt\/hp-delta-tx-bestelbaar-2\/","title":{"rendered":"HP Delta tx"},"content":{"rendered":"","protected":false},"excerpt":{"rendered":"<ul>\n<li>Neues Modell von HP Velotechnik 2024<\/li>\n<li>Delta-Form mit einem Rad vorne, zwei hinten.<\/li>\n<li>Dadurch ein kleiner Wendekreis<\/li>\n<li>Mit E-Motor<\/li>\n<li>sehr komfortabel mit Hinterradaufh\u00e4ngung<\/li>\n<li>20&#8243; Vorderrad, 20&#8243; Hinterrad<\/li>\n<li>Auf dieses Fahrrad passen mehrere HP-Sitze. Wie zum Beispiel der Body Link, das Ergomesh und der Premium Ergomesh Stuhl. Die letzten beiden sind in verschiedenen Gr\u00f6\u00dfen erh\u00e4ltlich. Wir haben sie in der Regel auf Lager zum testen.<\/li>\n<\/ul>\n<p>Im Konfigurator von HP Velotechnik k\u00f6nnen Sie Ihr Fahrrad selbst zusammenstellen.<br \/>\nF\u00e4llt Ihnen das schwer? Dann vereinbaren Sie einen Beratungstermin .<\/p>\n<p>Der Preis h\u00e4ngt von der Ausf\u00fchrung ab:<\/p>\n<ul>\n<li style=\"list-style-type: none;\">\n<ul>\n<li>W\u00e4hlen Sie Ihre Ausf\u00fchrung im Konfigurator aus. (siehe unten)<\/li>\n<li>Teilen Sie den dort angegebenen Preis durch 1,19 ( 19% MwSt.)<\/li>\n<li>Multiplizieren Sie dann mit 1,09 (bei uns 9 % MwSt.)<\/li>\n<li>Das ist der Preis bei uns.<\/li>\n<\/ul>\n<\/li>\n<\/ul>\n","protected":false},"featured_media":4919,"template":"","meta":{"_acf_changed":false,"_lmt_disableupdate":"no","_lmt_disable":""},"product_brand":[],"product_cat":[135],"product_tag":[],"class_list":{"0":"post-4955","1":"product","2":"type-product","3":"status-publish","4":"has-post-thumbnail","6":"product_cat-stabiles-dreirad","7":"pa_elektrische-ondersteuning-ja-de","8":"pa_fietsdoel-freizeit","9":"pa_fietsdoel-rehabilitation","10":"pa_maximale-draagvermogen-140-de","11":"pa_merk-hp-velotechnik-de","12":"pa_op-afstappen-einfach","13":"pa_soort-frame-teilbar","14":"pa_status-bestellen-ist-m","15":"pa_stuur-oben","16":"pa_vering-hinter","18":"first","19":"outofstock","20":"shipping-taxable","21":"product-type-simple"},"acf":[],"_links":{"self":[{"href":"https:\/\/ace-shop.com\/de\/wp-json\/wp\/v2\/product\/4955","targetHints":{"allow":["GET"]}}],"collection":[{"href":"https:\/\/ace-shop.com\/de\/wp-json\/wp\/v2\/product"}],"about":[{"href":"https:\/\/ace-shop.com\/de\/wp-json\/wp\/v2\/types\/product"}],"wp:featuredmedia":[{"embeddable":true,"href":"https:\/\/ace-shop.com\/de\/wp-json\/wp\/v2\/media\/4919"}],"wp:attachment":[{"href":"https:\/\/ace-shop.com\/de\/wp-json\/wp\/v2\/media?parent=4955"}],"wp:term":[{"taxonomy":"product_brand","embeddable":true,"href":"https:\/\/ace-shop.com\/de\/wp-json\/wp\/v2\/product_brand?post=4955"},{"taxonomy":"product_cat","embeddable":true,"href":"https:\/\/ace-shop.com\/de\/wp-json\/wp\/v2\/product_cat?post=4955"},{"taxonomy":"product_tag","embeddable":true,"href":"https:\/\/ace-shop.com\/de\/wp-json\/wp\/v2\/product_tag?post=4955"}],"curies":[{"name":"wp","href":"https:\/\/api.w.org\/{rel}","templated":true}]}}