{"id":4834,"date":"2023-11-24T15:32:19","date_gmt":"2023-11-24T15:32:19","guid":{"rendered":"https:\/\/ace-shop.com\/?post_type=product&#038;p=4834"},"modified":"2023-12-04T19:20:00","modified_gmt":"2023-12-04T19:20:00","slug":"hp-scorpion-fs-26","status":"publish","type":"product","link":"https:\/\/ace-shop.com\/de\/produkt\/hp-scorpion-fs-26\/","title":{"rendered":"HP Scorpion FS 26"},"content":{"rendered":"","protected":false},"excerpt":{"rendered":"<ul>\n<li><span class=\"tlid-translation translation\" lang=\"de\"><span class=\"\" title=\"\">schnelles Trike<\/span><br \/>\n<\/span><\/li>\n<li><span class=\"tlid-translation translation\" lang=\"de\"><span title=\"\">sehr komfortabel mit Vorder- und Hinterradaufh\u00e4ngung<\/span><br \/>\n<\/span><\/li>\n<li><span class=\"tlid-translation translation\" lang=\"de\"><span title=\"\">geringer Luftwiderstand durch niedrigen Sitz<\/span><br \/>\n<\/span><\/li>\n<li><span class=\"tlid-translation translation\" lang=\"de\"><span title=\"\">stabil bei rutschigen Bedingungen, Schnee macht Spa\u00df.<\/span><br \/>\n<\/span><\/li>\n<li><span class=\"tlid-translation translation\" lang=\"de\"><span title=\"\">sportliches Fahren mit 2 Vorderr\u00e4dern<\/span><br \/>\n<\/span><\/li>\n<li><span class=\"tlid-translation translation\" lang=\"de\"><span title=\"\">sehr schnell ohne Werkzeug faltbar<\/span><br \/>\n<\/span><\/li>\n<li><span class=\"tlid-translation translation\" lang=\"de\"><span title=\"\">kann im Autos mitgenommen werden<\/span><br \/>\n<\/span><\/li>\n<li><span class=\"tlid-translation translation\" lang=\"de\"><span title=\"\">Vorderr\u00e4der k\u00f6nnen mit Inbusschl\u00fcssel zerlegt werden<\/span><\/span><\/li>\n<li>Komplett mit:<\/li>\n<li>Spiegel<\/li>\n<li>Licht<\/li>\n<li>Feststellbremse<\/li>\n<li>Tr\u00e4ger<\/li>\n<li>Schutzblechen<\/li>\n<li>Rahmenschloss mit Kette<\/li>\n<li>Flaschenhalterset<\/li>\n<\/ul>\n","protected":false},"featured_media":4886,"template":"","meta":{"_acf_changed":false,"_lmt_disableupdate":"no","_lmt_disable":""},"product_brand":[],"product_cat":[135],"product_tag":[246],"class_list":{"0":"post-4834","1":"product","2":"type-product","3":"status-publish","4":"has-post-thumbnail","6":"product_cat-stabiles-dreirad","7":"product_tag-bestelbaar-de","8":"pa_elektrische-ondersteuning-nein","9":"pa_fietsdoel-freizeit","10":"pa_fietsdoel-geschwindigkeit","11":"pa_maximale-draagvermogen-140-de","12":"pa_merk-hp-velotechnik-de","13":"pa_soort-frame-faltrad","14":"pa_status-auf-lager-zu-vermieten","15":"pa_stuur-unten","16":"pa_vering-vollstaendig","18":"first","19":"instock","20":"shipping-taxable","21":"purchasable","22":"product-type-simple"},"acf":[],"_links":{"self":[{"href":"https:\/\/ace-shop.com\/de\/wp-json\/wp\/v2\/product\/4834","targetHints":{"allow":["GET"]}}],"collection":[{"href":"https:\/\/ace-shop.com\/de\/wp-json\/wp\/v2\/product"}],"about":[{"href":"https:\/\/ace-shop.com\/de\/wp-json\/wp\/v2\/types\/product"}],"wp:featuredmedia":[{"embeddable":true,"href":"https:\/\/ace-shop.com\/de\/wp-json\/wp\/v2\/media\/4886"}],"wp:attachment":[{"href":"https:\/\/ace-shop.com\/de\/wp-json\/wp\/v2\/media?parent=4834"}],"wp:term":[{"taxonomy":"product_brand","embeddable":true,"href":"https:\/\/ace-shop.com\/de\/wp-json\/wp\/v2\/product_brand?post=4834"},{"taxonomy":"product_cat","embeddable":true,"href":"https:\/\/ace-shop.com\/de\/wp-json\/wp\/v2\/product_cat?post=4834"},{"taxonomy":"product_tag","embeddable":true,"href":"https:\/\/ace-shop.com\/de\/wp-json\/wp\/v2\/product_tag?post=4834"}],"curies":[{"name":"wp","href":"https:\/\/api.w.org\/{rel}","templated":true}]}}