{"id":4654,"date":"2023-04-19T14:17:13","date_gmt":"2023-04-19T14:17:13","guid":{"rendered":"https:\/\/ace-shop.com\/?post_type=product&#038;p=4654"},"modified":"2026-01-21T16:30:58","modified_gmt":"2026-01-21T16:30:58","slug":"ice-adventure-hd-20-rs-rohloff","status":"publish","type":"product","link":"https:\/\/ace-shop.com\/de\/produkt\/ice-adventure-hd-20-rs-rohloff\/","title":{"rendered":"ICE adventure  HD 20 RS Rohloff"},"content":{"rendered":"","protected":false},"excerpt":{"rendered":"<ul>\n<li><span class=\"tlid-translation translation\" lang=\"de\"><span class=\"\" title=\"\">sehr bequemes Trike<\/span><br \/>\n<\/span><\/li>\n<li><span class=\"tlid-translation translation\" lang=\"de\"><span class=\"\" title=\"\">Super bequemer Stuhl<\/span><br \/>\n<\/span><\/li>\n<li><span class=\"HwtZe\" lang=\"de\"><span class=\"jCAhz ChMk0b\"><span class=\"ryNqvb\">Ein etwas h\u00f6herer Sitz f\u00fcr bessere Sicht und leichteres Aufstehen durch Verwendung einer Sitzerh\u00f6hung ist m\u00f6glich<\/span><\/span> <\/span><\/li>\n<li>Geschaltet wird mit einer Rohloff-Nabenschaltung. 14 G\u00e4nge, einwandfreies Schalten.<\/li>\n<li><span class=\"tlid-translation translation\" lang=\"de\"><span title=\"\">auch f\u00fcr gro\u00dfe Erwachsene geeignet<\/span><br \/>\n<\/span><\/li>\n<li><span class=\"tlid-translation translation\" lang=\"de\"><span title=\"\">Geeignet f\u00fcr Fahrer von 150 &#8211; 205 cm<\/span><br \/>\n<\/span><\/li>\n<li>Die maximale Tragkraft betr\u00e4gt 125 kg f\u00fcr den Fahrer plus 25 kg Gep\u00e4ck.<\/li>\n<li><span class=\"tlid-translation translation\" lang=\"de\"><span title=\"\">faltbar, kann im Auto getragen werden<\/span><\/span><\/li>\n<li><span class=\"tlid-translation translation\" lang=\"de\"><span title=\"\">sch\u00f6ner Stahlrahmen<\/span><\/span><\/li>\n<li>Komplett <span class=\"HwtZe\" lang=\"de\"><span class=\"jCAhz ChMk0b\"><span class=\"ryNqvb\">mit <\/span><\/span><\/span><\/li>\n<li><span class=\"HwtZe\" lang=\"de\"><span class=\"jCAhz ChMk0b\"><span class=\"ryNqvb\">Gep\u00e4cktr\u00e4ger, Schutzblechen, Spiegel, Flagge und Feststellbremse.<\/span><\/span><\/span><\/li>\n<li>\n<div class=\"module--translations-translatedtext js-module--translations-translatedtext\" data-size=\"s\">\u00a0kurze Kurbeln; ca. 155 mm<\/div>\n<\/li>\n<li>\n<div class=\"module--translations-translatedtext js-module--translations-translatedtext\" data-size=\"s\">Klickpedale halbseitig, Shimano 8000<\/div>\n<\/li>\n<li>\n<div class=\"module--translations-translatedtext js-module--translations-translatedtext\" data-size=\"s\">Schnellverstellung des Nasenrohrs, so dass Sie es einfach k\u00fcrzer und l\u00e4nger machen k\u00f6nnen<\/div>\n<\/li>\n<li>\n<div class=\"module--translations-translatedtext js-module--translations-translatedtext\" data-size=\"s\">20&#8243; Vorderrad, 20&#8243; Hinterrad<\/div>\n<\/li>\n<\/ul>\n","protected":false},"featured_media":5094,"template":"","meta":{"_acf_changed":false,"_lmt_disableupdate":"no","_lmt_disable":""},"product_brand":[],"product_cat":[135],"product_tag":[],"class_list":{"0":"post-4654","1":"product","2":"type-product","3":"status-publish","4":"has-post-thumbnail","6":"product_cat-stabiles-dreirad","7":"pa_elektrische-ondersteuning-nein","8":"pa_fietsdoel-freizeit","9":"pa_fietsdoel-rehabilitation","10":"pa_maximale-draagvermogen-150-de","11":"pa_merk-ice-de","12":"pa_soort-frame-faltrad","13":"pa_status-auf-lager-zu-vermieten","14":"pa_stuur-unten","15":"pa_vering-keine","17":"first","18":"instock","19":"shipping-taxable","20":"purchasable","21":"product-type-simple"},"acf":[],"_links":{"self":[{"href":"https:\/\/ace-shop.com\/de\/wp-json\/wp\/v2\/product\/4654","targetHints":{"allow":["GET"]}}],"collection":[{"href":"https:\/\/ace-shop.com\/de\/wp-json\/wp\/v2\/product"}],"about":[{"href":"https:\/\/ace-shop.com\/de\/wp-json\/wp\/v2\/types\/product"}],"wp:featuredmedia":[{"embeddable":true,"href":"https:\/\/ace-shop.com\/de\/wp-json\/wp\/v2\/media\/5094"}],"wp:attachment":[{"href":"https:\/\/ace-shop.com\/de\/wp-json\/wp\/v2\/media?parent=4654"}],"wp:term":[{"taxonomy":"product_brand","embeddable":true,"href":"https:\/\/ace-shop.com\/de\/wp-json\/wp\/v2\/product_brand?post=4654"},{"taxonomy":"product_cat","embeddable":true,"href":"https:\/\/ace-shop.com\/de\/wp-json\/wp\/v2\/product_cat?post=4654"},{"taxonomy":"product_tag","embeddable":true,"href":"https:\/\/ace-shop.com\/de\/wp-json\/wp\/v2\/product_tag?post=4654"}],"curies":[{"name":"wp","href":"https:\/\/api.w.org\/{rel}","templated":true}]}}