{"id":3388,"date":"2021-06-04T13:28:34","date_gmt":"2021-06-04T13:28:34","guid":{"rendered":"https:\/\/ace-shop.com\/?post_type=product&#038;p=3388"},"modified":"2026-01-21T16:23:54","modified_gmt":"2026-01-21T16:23:54","slug":"hase-kettwiesel-one","status":"publish","type":"product","link":"https:\/\/ace-shop.com\/de\/produkt\/hase-kettwiesel-one\/","title":{"rendered":"Neues Modell: Hase kettwiesel one"},"content":{"rendered":"","protected":false},"excerpt":{"rendered":"<p>Neues Modell von Hase<\/p>\n<ul>\n<li>Einfaches Einsteigen, gutes Verkehrs\u00fcbersicht<\/li>\n<li>Stabiles, komfortables Dreirad f\u00fcr Touren<\/li>\n<li>Einfache \u00c4nderung der Sitzh\u00f6he<\/li>\n<li>Stuhl atmet, h\u00e4lt Ihren R\u00fccken k\u00fchl<\/li>\n<li>Ein leistungsstarker Shimano STEPS EP600 Cargo-Motor mit 630 W\/h Akku<br \/>\nDiese elektrische Unterst\u00fctzung verschiebt Ihre Grenzen um mehr als 100 Kilometer (im Eco-Modus).<\/li>\n<li>\n<div id=\"resulttxt\" class=\"mt-translation-content\">\u00a0Mit der Nexus 5-Gang-Nabe DI2 k\u00f6nnen Sie bequem oder sogar automatisch schalten,<br \/>\n\u2022 5 G\u00e4nge sind in der Regel ausreichend, wenn Sie mit einem Motor auf flachem Gel\u00e4nde fahren.<\/div>\n<\/li>\n<li>Einziehbar, kann oft hinten im Auto platziert werden<\/li>\n<li>Komplett mit Spiegel und einem Korb auf der R\u00fcckseite<\/li>\n<li>Viel Licht \u00fcber den Akku.<\/li>\n<li>geeignet f\u00fcr Reiter von 110 &#8211; 200 cm<\/li>\n<\/ul>\n<p>Technische Daten:<\/p>\n<ul>\n<li>20-Zoll-Vorderr\u00e4der, 20-Zoll-Hinterr\u00e4der<\/li>\n<li>Sitzh\u00f6he von 52-60 cm<\/li>\n<li>L\u00e4nge 162-227 cm, Breite 88 cm<\/li>\n<li>kleinstes Packma\u00df ohne Vorderrad: 135 x 88 x 56<\/li>\n<li>Tretlagerh\u00f6he 42 cm<\/li>\n<li>Kurbell\u00e4nge 170 mm<\/li>\n<li>70 mm Federweg<\/li>\n<\/ul>\n","protected":false},"featured_media":5085,"template":"","meta":{"_acf_changed":false,"_lmt_disableupdate":"no","_lmt_disable":""},"product_brand":[],"product_cat":[135],"product_tag":[],"class_list":{"0":"post-3388","1":"product","2":"type-product","3":"status-publish","4":"has-post-thumbnail","6":"product_cat-stabiles-dreirad","7":"pa_elektrische-ondersteuning-ja-de","8":"pa_fietsdoel-freizeit","9":"pa_fietsdoel-rehabilitation","10":"pa_maximale-draagvermogen-140-de","11":"pa_merk-hase-de","12":"pa_op-afstappen-einfach","13":"pa_soort-frame-erweiterbar","14":"pa_status-auf-lager-zu-vermieten","15":"pa_stuur-unten","16":"pa_vering-vollstaendig","18":"first","19":"instock","20":"shipping-taxable","21":"purchasable","22":"product-type-simple"},"acf":[],"_links":{"self":[{"href":"https:\/\/ace-shop.com\/de\/wp-json\/wp\/v2\/product\/3388","targetHints":{"allow":["GET"]}}],"collection":[{"href":"https:\/\/ace-shop.com\/de\/wp-json\/wp\/v2\/product"}],"about":[{"href":"https:\/\/ace-shop.com\/de\/wp-json\/wp\/v2\/types\/product"}],"wp:featuredmedia":[{"embeddable":true,"href":"https:\/\/ace-shop.com\/de\/wp-json\/wp\/v2\/media\/5085"}],"wp:attachment":[{"href":"https:\/\/ace-shop.com\/de\/wp-json\/wp\/v2\/media?parent=3388"}],"wp:term":[{"taxonomy":"product_brand","embeddable":true,"href":"https:\/\/ace-shop.com\/de\/wp-json\/wp\/v2\/product_brand?post=3388"},{"taxonomy":"product_cat","embeddable":true,"href":"https:\/\/ace-shop.com\/de\/wp-json\/wp\/v2\/product_cat?post=3388"},{"taxonomy":"product_tag","embeddable":true,"href":"https:\/\/ace-shop.com\/de\/wp-json\/wp\/v2\/product_tag?post=3388"}],"curies":[{"name":"wp","href":"https:\/\/api.w.org\/{rel}","templated":true}]}}