{"id":3358,"date":"2021-05-28T13:07:54","date_gmt":"2021-05-28T13:07:54","guid":{"rendered":"https:\/\/ace-shop.com\/?post_type=product&#038;p=3358"},"modified":"2026-01-21T16:33:37","modified_gmt":"2026-01-21T16:33:37","slug":"ice-adventure-hd-26-rs-steps-6100","status":"publish","type":"product","link":"https:\/\/ace-shop.com\/de\/produkt\/ice-adventure-hd-26-rs-steps-6100\/","title":{"rendered":"ICE adventure  HD 26 RS Steps EP8 mit Enviolo"},"content":{"rendered":"","protected":false},"excerpt":{"rendered":"<ul>\n<li><span class=\"tlid-translation translation\" lang=\"de\"><span class=\"\" title=\"\">sehr bequemes Trike<\/span><br \/>\n<\/span><\/li>\n<li><span class=\"tlid-translation translation\" lang=\"de\"><span class=\"\" title=\"\">Super bequemer Stuhl<\/span><br \/>\n<\/span><\/li>\n<li>Shimano Steps EP8 Motor mit 630 W\/h Akku.<br \/>\nDies ist ein extra starker Motor, der Ihnen auch die steilen H\u00e4nge hinauf hilft.<\/li>\n<li>Das erfordert jedoch zus\u00e4tzliche Energie, daher ist eine gro\u00dfe Batterie dabei.<\/li>\n<li>Geschaltet wird mit einem Automatikgetriebe. Der Enviolo sorgt daf\u00fcr, dass Ihr Trettempo unabh\u00e4ngig von Ihrer Geschwindigkeit gleich bleibt.<\/li>\n<li><span class=\"tlid-translation translation\" lang=\"de\">etwas h\u00f6herer Sitz f\u00fcr eine gute Sicht durch Verwendung einer Sitzerh\u00f6hung, die auch entfernt werden kann.<\/span><\/li>\n<li><span class=\"tlid-translation translation\" lang=\"de\"><span title=\"\">auch f\u00fcr gro\u00dfe Erwachsene geeignet<\/span><br \/>\n<\/span><\/li>\n<li><span class=\"tlid-translation translation\" lang=\"de\"><span title=\"\">Geeignet f\u00fcr Fahrer von 150 &#8211; 205 cm<\/span><br \/>\n<\/span><\/li>\n<li>Die maximale Tragkraft betr\u00e4gt 150 kg f\u00fcr den Fahrer plus 25 kg Gep\u00e4ck.<\/li>\n<li><span class=\"tlid-translation translation\" lang=\"de\"><span title=\"\">faltbar, kann im Auto getragen werden<\/span><br \/>\n<\/span><\/li>\n<li>Preis mit Hilfsmittel Mw.St. berechnet.<\/li>\n<li><span class=\"tlid-translation translation\" lang=\"de\"><span title=\"\">sch\u00f6ner Stahlrahmen<\/span><\/span><\/li>\n<li>Komplett mit Schutzblechen, Tr\u00e4ger und 80 lux Licht, fahne und Klikpedalen<\/li>\n<\/ul>\n","protected":false},"featured_media":4509,"template":"","meta":{"_acf_changed":false,"_lmt_disableupdate":"no","_lmt_disable":""},"product_brand":[],"product_cat":[135],"product_tag":[],"class_list":{"0":"post-3358","1":"product","2":"type-product","3":"status-publish","4":"has-post-thumbnail","6":"product_cat-stabiles-dreirad","7":"pa_elektrische-ondersteuning-ja-de","8":"pa_fietsdoel-freizeit","9":"pa_fietsdoel-rehabilitation","10":"pa_maximale-draagvermogen-175kg-de","11":"pa_merk-ice-de","12":"pa_soort-frame-faltrad","13":"pa_status-auf-lager-zu-vermieten","14":"pa_stuur-unten","15":"pa_vering-hinter","17":"first","18":"instock","19":"sale","20":"shipping-taxable","21":"purchasable","22":"product-type-simple"},"acf":[],"_links":{"self":[{"href":"https:\/\/ace-shop.com\/de\/wp-json\/wp\/v2\/product\/3358","targetHints":{"allow":["GET"]}}],"collection":[{"href":"https:\/\/ace-shop.com\/de\/wp-json\/wp\/v2\/product"}],"about":[{"href":"https:\/\/ace-shop.com\/de\/wp-json\/wp\/v2\/types\/product"}],"wp:featuredmedia":[{"embeddable":true,"href":"https:\/\/ace-shop.com\/de\/wp-json\/wp\/v2\/media\/4509"}],"wp:attachment":[{"href":"https:\/\/ace-shop.com\/de\/wp-json\/wp\/v2\/media?parent=3358"}],"wp:term":[{"taxonomy":"product_brand","embeddable":true,"href":"https:\/\/ace-shop.com\/de\/wp-json\/wp\/v2\/product_brand?post=3358"},{"taxonomy":"product_cat","embeddable":true,"href":"https:\/\/ace-shop.com\/de\/wp-json\/wp\/v2\/product_cat?post=3358"},{"taxonomy":"product_tag","embeddable":true,"href":"https:\/\/ace-shop.com\/de\/wp-json\/wp\/v2\/product_tag?post=3358"}],"curies":[{"name":"wp","href":"https:\/\/api.w.org\/{rel}","templated":true}]}}