{"id":2912,"date":"2023-04-06T11:32:40","date_gmt":"2023-04-06T11:32:40","guid":{"rendered":"https:\/\/ace-shop.com\/?post_type=product&#038;p=2912"},"modified":"2025-08-21T09:27:18","modified_gmt":"2025-08-21T09:27:18","slug":"hp-scorpion-plus-26-steps-voorraad","status":"publish","type":"product","link":"https:\/\/ace-shop.com\/de\/produkt\/hp-scorpion-plus-26-steps-voorraad\/","title":{"rendered":"HP Scorpion Plus 26 Steps EP 500"},"content":{"rendered":"","protected":false},"excerpt":{"rendered":"<ul>\n<li>Die Fotos m\u00fcssen noch angepasst werden. Es handelt sich um ein \u00e4hnliches Bike.<\/li>\n<li><\/li>\n<li><span class=\"tlid-translation translation\" lang=\"de\"><span title=\"\">stabiles, komfortables Trike f\u00fcr Touren<\/span><\/span><\/li>\n<li><span class=\"tlid-translation translation\" lang=\"de\"><span class=\"\" title=\"\">Viele zus\u00e4tzliche Teile sind bereits drauf<\/span><br \/>\n<\/span><\/li>\n<li><span class=\"tlid-translation translation\" lang=\"de\"><span title=\"\">Mit Shimano STEPS <\/span><strong>EP500 Cargo, 630<\/strong> W\/h<br \/>\n<\/span><\/li>\n<li><span class=\"tlid-translation translation\" lang=\"de\"><span title=\"\">Diese elektrische Unterst\u00fctzung erweitert Ihre Grenzen um mehr als 100 Kilometer.<\/span><\/span><\/li>\n<li><span class=\"tlid-translation translation\" lang=\"de\"><span title=\"\">jetzt mit <strong><span id=\"9082\" class=\"bike detail\">Extra hoherSitz<\/span><\/strong> und langem Lenkrad und Armlehnen ausgestattet, <\/span><\/span><\/li>\n<li><span class=\"tlid-translation translation\" lang=\"de\"><span title=\"\">einfacher Einstieg, gute Verkehrs\u00fcbersicht<\/span><br \/>\n<\/span><\/li>\n<li><span class=\"tlid-translation translation\" lang=\"de\"><span title=\"\">Stuhl atmet, h\u00e4lt den R\u00fccken k\u00fchl<\/span><\/span><\/li>\n<li><span class=\"tlid-translation translation\" lang=\"de\"><span class=\"HwtZe\" lang=\"de\"><span class=\"jCAhz ChMk0b\"><span class=\"ryNqvb\">Im flachen Gel\u00e4nde reichen bei einem solchen Fahrrad meist 5 G\u00e4nge aus.<\/span><\/span><\/span><\/span><\/li>\n<li><span class=\"tlid-translation translation\" lang=\"de\"><span title=\"\">Sehr komplett mit unter anderem 100 Lux Licht auf der Batterie.<\/span><br \/>\n<\/span><\/li>\n<li><span class=\"tlid-translation translation\" lang=\"de\"><span title=\"\">gro\u00dfe Bremskraft, Scheibenbremse an beiden Vorderr\u00e4dern<\/span><br \/>\n<\/span><\/li>\n<li><span class=\"tlid-translation translation\" lang=\"de\"><span title=\"\">20 &#8222;Vorderrad, 26&#8220; Hinterrad<\/span><br \/>\n<\/span><\/li>\n<li><span class=\"tlid-translation translation\" lang=\"de\"><span title=\"\">kann sehr schnell ohne Werkzeug zusammengeklappt werden, kann im Heck des Autos mitgenommen werden<\/span><br \/>\n<\/span><\/li>\n<li><span class=\"tlid-translation translation\" lang=\"de\"><span title=\"\">Vorderr\u00e4der k\u00f6nnen mit Inbusschl\u00fcssel zerlegt werden<\/span><br \/>\n<\/span><\/li>\n<li><span class=\"tlid-translation translation\" lang=\"de\"><span class=\"tlid-translation translation\" lang=\"de\"><span title=\"\">Geeignet f\u00fcr Fahrer von 160 &#8211; 200 cm<\/span><\/span><\/span><\/li>\n<\/ul>\n<p>&nbsp;<\/p>\n<p><span class=\"VIiyi\" lang=\"de\"><span class=\"JLqJ4b ChMk0b\" data-language-for-alternatives=\"de\" data-language-to-translate-into=\"nl\" data-phrase-index=\"4\">\u00a0<\/span><\/span><\/p>\n<p>&nbsp;<\/p>\n<p>&nbsp;<\/p>\n<p>&nbsp;<\/p>\n","protected":false},"featured_media":7251,"template":"","meta":{"_acf_changed":false,"_lmt_disableupdate":"no","_lmt_disable":""},"product_brand":[],"product_cat":[135],"product_tag":[],"class_list":{"0":"post-2912","1":"product","2":"type-product","3":"status-publish","4":"has-post-thumbnail","6":"product_cat-stabiles-dreirad","7":"pa_elektrische-ondersteuning-ja-de","8":"pa_fietsdoel-freizeit","9":"pa_fietsdoel-rehabilitation","10":"pa_maximale-draagvermogen-150-de","11":"pa_merk-hp-velotechnik-de","12":"pa_soort-frame-faltrad","13":"pa_status-auf-lager-zu-vermieten","14":"pa_stuur-unten","15":"pa_vering-vollstaendig","17":"first","18":"instock","19":"shipping-taxable","20":"purchasable","21":"product-type-simple"},"acf":[],"_links":{"self":[{"href":"https:\/\/ace-shop.com\/de\/wp-json\/wp\/v2\/product\/2912","targetHints":{"allow":["GET"]}}],"collection":[{"href":"https:\/\/ace-shop.com\/de\/wp-json\/wp\/v2\/product"}],"about":[{"href":"https:\/\/ace-shop.com\/de\/wp-json\/wp\/v2\/types\/product"}],"wp:featuredmedia":[{"embeddable":true,"href":"https:\/\/ace-shop.com\/de\/wp-json\/wp\/v2\/media\/7251"}],"wp:attachment":[{"href":"https:\/\/ace-shop.com\/de\/wp-json\/wp\/v2\/media?parent=2912"}],"wp:term":[{"taxonomy":"product_brand","embeddable":true,"href":"https:\/\/ace-shop.com\/de\/wp-json\/wp\/v2\/product_brand?post=2912"},{"taxonomy":"product_cat","embeddable":true,"href":"https:\/\/ace-shop.com\/de\/wp-json\/wp\/v2\/product_cat?post=2912"},{"taxonomy":"product_tag","embeddable":true,"href":"https:\/\/ace-shop.com\/de\/wp-json\/wp\/v2\/product_tag?post=2912"}],"curies":[{"name":"wp","href":"https:\/\/api.w.org\/{rel}","templated":true}]}}