{"id":2499,"date":"2020-10-02T14:25:11","date_gmt":"2020-10-02T14:25:11","guid":{"rendered":"https:\/\/ace-shop.com\/?post_type=product&#038;p=2499"},"modified":"2020-11-19T10:37:34","modified_gmt":"2020-11-19T10:37:34","slug":"hp-gekko-fx-20-komt","status":"publish","type":"product","link":"https:\/\/ace-shop.com\/de\/produkt\/hp-gekko-fx-20-komt\/","title":{"rendered":"HP Gekko FX 20"},"content":{"rendered":"","protected":false},"excerpt":{"rendered":"<ul>\n<li>Ideales Fahrrad f\u00fcr Pendler, Touren und Urlaub<\/li>\n<li>kompaktes stabiles Trike, gute Balance<\/li>\n<li>sportliches Fahren, scharfe Lenkung mit 2 Vorderr\u00e4dern<\/li>\n<li>doppelte Bremskraft, 2 vordere Scheibenbremsen<\/li>\n<li>Vorderr\u00e4der k\u00f6nnen mit Inbusschl\u00fcssel zerlegt werden<\/li>\n<li>passt leicht in den Heckbereich eines Autos<\/li>\n<li><span class=\"tlid-translation translation\" lang=\"de\"><span class=\"\" title=\"\">kann innerhalb von 10 Sekunden schnell gefaltet werden (vorausgesetzt, Sie haben einen starken R\u00fccken, sonst ben\u00f6tigen Sie eine Decke und etwas mehr Zeit)<\/span> dann k\u00f6nnen Sie es auf eingebauten Inline-Skating-R\u00e4dern rollen<br \/><span title=\"\">passt leicht in den Heckbereich eines Autos<\/span><br \/><\/span><\/li>\n<li><span class=\"tlid-translation translation\" lang=\"de\"><span title=\"\">kann gefaltet auf kleinem Raum gelagert werden<\/span><br \/><\/span><\/li>\n<li><span class=\"tlid-translation translation\" lang=\"de\"><span title=\"\">Geeignet f\u00fcr Fahrer von 160 &#8211; 200 cm<\/span><br \/><\/span><\/li>\n<li><span class=\"tlid-translation translation\" lang=\"de\"><span title=\"\">20 &#8222;Vorderrad, 20&#8220; Hinterrad<\/span>\n<p><\/span><\/li>\n<\/ul>\n","protected":false},"featured_media":2734,"template":"","meta":{"_acf_changed":false,"_lmt_disableupdate":"","_lmt_disable":""},"product_brand":[],"product_cat":[135],"product_tag":[],"class_list":{"0":"post-2499","1":"product","2":"type-product","3":"status-publish","4":"has-post-thumbnail","6":"product_cat-stabiles-dreirad","7":"pa_elektrische-ondersteuning-nein","8":"pa_fietsdoel-freizeit","9":"pa_fietsdoel-geschwindigkeit","10":"pa_maximale-draagvermogen-130-de","11":"pa_merk-hp-velotechnik-de","12":"pa_soort-frame-faltrad","13":"pa_status-auf-lager-zu-vermieten","14":"pa_stuur-unten","15":"pa_vering-hinter","17":"first","18":"instock","19":"shipping-taxable","20":"purchasable","21":"product-type-simple"},"acf":[],"_links":{"self":[{"href":"https:\/\/ace-shop.com\/de\/wp-json\/wp\/v2\/product\/2499","targetHints":{"allow":["GET"]}}],"collection":[{"href":"https:\/\/ace-shop.com\/de\/wp-json\/wp\/v2\/product"}],"about":[{"href":"https:\/\/ace-shop.com\/de\/wp-json\/wp\/v2\/types\/product"}],"wp:featuredmedia":[{"embeddable":true,"href":"https:\/\/ace-shop.com\/de\/wp-json\/wp\/v2\/media\/2734"}],"wp:attachment":[{"href":"https:\/\/ace-shop.com\/de\/wp-json\/wp\/v2\/media?parent=2499"}],"wp:term":[{"taxonomy":"product_brand","embeddable":true,"href":"https:\/\/ace-shop.com\/de\/wp-json\/wp\/v2\/product_brand?post=2499"},{"taxonomy":"product_cat","embeddable":true,"href":"https:\/\/ace-shop.com\/de\/wp-json\/wp\/v2\/product_cat?post=2499"},{"taxonomy":"product_tag","embeddable":true,"href":"https:\/\/ace-shop.com\/de\/wp-json\/wp\/v2\/product_tag?post=2499"}],"curies":[{"name":"wp","href":"https:\/\/api.w.org\/{rel}","templated":true}]}}