{"id":2472,"date":"2021-05-04T12:14:35","date_gmt":"2021-05-04T12:14:35","guid":{"rendered":"https:\/\/ace-shop.com\/?post_type=product&#038;p=2472"},"modified":"2022-02-28T10:04:47","modified_gmt":"2022-02-28T10:04:47","slug":"hp-scorpion-plus-20-neodrive","status":"publish","type":"product","link":"https:\/\/ace-shop.com\/de\/produkt\/hp-scorpion-plus-20-neodrive\/","title":{"rendered":"HP Scorpion Plus 20 Neodrive Z20"},"content":{"rendered":"","protected":false},"excerpt":{"rendered":"<ul>\n<li>stabiles, komfortables Trike f\u00fcr Touren<\/li>\n<li>Jetzt ausgestattet mit einem extra hohen Sitz und einem langen Lenkrad und Aufstehhilfen, einfachem Einsteigen,<\/li>\n<li>kann auf einen niedrigen Sitz und einen k\u00fcrzeren Lenker umger\u00fcstet werden und ohne Aufstehhilfe<\/li>\n<li>Eine hohe Sitzposition erleichtert das Ein- und Aussteigen und gibt einen guten \u00dcberblick \u00fcber den Verkehr<\/li>\n<li>Stuhl atmet, h\u00e4lt den R\u00fccken k\u00fchl<\/li>\n<li>kann sehr schnell ohne Werkzeug zusammengeklappt werden, kann im Heck des Autos getragen werden<\/li>\n<li>gro\u00dfe Bremskraft, Scheibenbremse an beiden Vorderr\u00e4dern<\/li>\n<li>Vorderr\u00e4der k\u00f6nnen mit Inbusschl\u00fcssel zerlegt werden<\/li>\n<li>Neodrives Z20 Hinterradmotor 250W und 612 Wh<\/li>\n<li>Sehr komplett mit unter anderem 80 Lux Licht auf der Batterie.<\/li>\n<li>Diese Unterst\u00fctzung \u00fcberschreitet Ihre Grenzen um mehr als 120 Kilometer (mit 60% zus\u00e4tzlicher Leistung, bis zu 300% zus\u00e4tzlicher Leistung m\u00f6glich). Ein R\u00fcckw\u00e4rtsgang ist ebenfalls verf\u00fcgbar!<\/li>\n<li>Sram GX 30 G\u00e4nge<\/li>\n<li>max 150 kg Last<\/li>\n<li>Geeignet f\u00fcr Fahrer von 149 &#8211; 200 cm<\/li>\n<li>20 &#8222;Vorderrad, 20&#8220; Hinterrad<\/li>\n<li>Vorder- und Hinterradfederung<\/li>\n<li>Bild ist noch alt, wird mit der neue premium Sitz geliefert<\/li>\n<\/ul>\n<p>&nbsp;<\/p>\n","protected":false},"featured_media":4465,"template":"","meta":{"_acf_changed":false,"_lmt_disableupdate":"no","_lmt_disable":""},"product_brand":[],"product_cat":[135],"product_tag":[],"class_list":{"0":"post-2472","1":"product","2":"type-product","3":"status-publish","4":"has-post-thumbnail","6":"product_cat-stabiles-dreirad","7":"pa_elektrische-ondersteuning-ja-de","8":"pa_fietsdoel-freizeit","9":"pa_fietsdoel-rehabilitation","10":"pa_maximale-draagvermogen-150-de","11":"pa_merk-hp-velotechnik-de","12":"pa_soort-frame-faltrad","13":"pa_status-auf-lager-zu-vermieten","14":"pa_stuur-unten","15":"pa_vering-vollstaendig","17":"first","18":"instock","19":"shipping-taxable","20":"purchasable","21":"product-type-simple"},"acf":[],"_links":{"self":[{"href":"https:\/\/ace-shop.com\/de\/wp-json\/wp\/v2\/product\/2472","targetHints":{"allow":["GET"]}}],"collection":[{"href":"https:\/\/ace-shop.com\/de\/wp-json\/wp\/v2\/product"}],"about":[{"href":"https:\/\/ace-shop.com\/de\/wp-json\/wp\/v2\/types\/product"}],"wp:featuredmedia":[{"embeddable":true,"href":"https:\/\/ace-shop.com\/de\/wp-json\/wp\/v2\/media\/4465"}],"wp:attachment":[{"href":"https:\/\/ace-shop.com\/de\/wp-json\/wp\/v2\/media?parent=2472"}],"wp:term":[{"taxonomy":"product_brand","embeddable":true,"href":"https:\/\/ace-shop.com\/de\/wp-json\/wp\/v2\/product_brand?post=2472"},{"taxonomy":"product_cat","embeddable":true,"href":"https:\/\/ace-shop.com\/de\/wp-json\/wp\/v2\/product_cat?post=2472"},{"taxonomy":"product_tag","embeddable":true,"href":"https:\/\/ace-shop.com\/de\/wp-json\/wp\/v2\/product_tag?post=2472"}],"curies":[{"name":"wp","href":"https:\/\/api.w.org\/{rel}","templated":true}]}}