{"id":2465,"date":"2020-05-26T12:49:43","date_gmt":"2020-05-26T12:49:43","guid":{"rendered":"https:\/\/ace-shop.com\/product\/hp-scorpion-fs-26-s-pedelec-b\/"},"modified":"2025-10-09T09:19:58","modified_gmt":"2025-10-09T09:19:58","slug":"hp-scorpion-fs-26-s-pedelec-b","status":"publish","type":"product","link":"https:\/\/ace-shop.com\/de\/produkt\/hp-scorpion-fs-26-s-pedelec-b\/","title":{"rendered":"HP Scorpion FS 26 S-Pedelec"},"content":{"rendered":"","protected":false},"excerpt":{"rendered":"<ul>\n<li><span class=\"tlid-translation translation\" lang=\"de\"><span class=\"\" title=\"\">schnelles Dreirad mit Elektromotor bis 45 km \/ h<\/span><br \/>\n<\/span><\/li>\n<li><span class=\"tlid-translation translation\" lang=\"de\"><span title=\"\">Dieser Motor ist stark genug, um Sie in den Niederlanden auf jeden <span class=\"\" title=\"\">H\u00fcgel<\/span> zu bringen.<\/span><br \/>\n<\/span><\/li>\n<li><span class=\"tlid-translation translation\" lang=\"de\"><span title=\"\">sehr komfortabel mit Vorder- und Hinterradaufh\u00e4ngung<\/span><br \/>\n<\/span><\/li>\n<li><span class=\"tlid-translation translation\" lang=\"de\"><span title=\"\">geringer Luftwiderstand durch niedrigen Sitz<\/span><br \/>\n<\/span><\/li>\n<li><span class=\"tlid-translation translation\" lang=\"de\"><span title=\"\">stabil bei rutschigen Bedingungen, Schnee macht Spa\u00df.<\/span><br \/>\n<\/span><\/li>\n<li><span class=\"tlid-translation translation\" lang=\"de\"><span title=\"\">sportliches Fahren mit 2 Vorderr\u00e4dern<\/span><br \/>\n<\/span><\/li>\n<li><span class=\"tlid-translation translation\" lang=\"de\"><span title=\"\">kann sehr schnell ohne Werkzeug zusammengeklappt werden, kann im Heck des Autos mitgenommen werden<\/span><br \/>\n<\/span><\/li>\n<li><span class=\"tlid-translation translation\" lang=\"de\"><span title=\"\">Vorderr\u00e4der k\u00f6nnen mit Inbusschl\u00fcssel zerlegt werden<\/span><\/span><\/li>\n<\/ul>\n<div>Weitere Informationen finden Sie auf der Website von HP Velotechnik: https:\/\/www.hpvelotechnik.com\/de\/<br \/>\nIm Konfigurator von HP Velotechnik k\u00f6nnen Sie Ihr Fahrrad selbst zusammenstellen.<br \/>\nF\u00e4llt Ihnen das schwer? Dann vereinbaren Sie einen Beratungstermin .<\/div>\n<p>Der Preis h\u00e4ngt von der Ausf\u00fchrung ab:<\/p>\n<ul>\n<li>W\u00e4hlen Sie Ihre Ausf\u00fchrung im Konfigurator aus. (siehe unten)<\/li>\n<li>Teilen Sie den dort angegebenen Preis durch 1,19 ( 19% MwSt.)<\/li>\n<li>Multiplizieren Sie dann mit 1,09 (bei uns 9 % MwSt.)<\/li>\n<li>Das ist der Preis bei uns.<\/li>\n<\/ul>\n","protected":false},"featured_media":5140,"template":"","meta":{"_acf_changed":false,"_lmt_disableupdate":"no","_lmt_disable":""},"product_brand":[],"product_cat":[135],"product_tag":[],"class_list":{"0":"post-2465","1":"product","2":"type-product","3":"status-publish","4":"has-post-thumbnail","6":"product_cat-stabiles-dreirad","7":"pa_elektrische-ondersteuning-ja-de","8":"pa_fietsdoel-freizeit","9":"pa_fietsdoel-geschwindigkeit","10":"pa_maximale-draagvermogen-140-de","11":"pa_merk-hp-velotechnik-de","12":"pa_soort-frame-faltrad","13":"pa_status-bestellen-ist-m","14":"pa_stuur-unten","15":"pa_vering-vollstaendig","17":"first","18":"outofstock","19":"shipping-taxable","20":"product-type-simple"},"acf":[],"_links":{"self":[{"href":"https:\/\/ace-shop.com\/de\/wp-json\/wp\/v2\/product\/2465","targetHints":{"allow":["GET"]}}],"collection":[{"href":"https:\/\/ace-shop.com\/de\/wp-json\/wp\/v2\/product"}],"about":[{"href":"https:\/\/ace-shop.com\/de\/wp-json\/wp\/v2\/types\/product"}],"wp:featuredmedia":[{"embeddable":true,"href":"https:\/\/ace-shop.com\/de\/wp-json\/wp\/v2\/media\/5140"}],"wp:attachment":[{"href":"https:\/\/ace-shop.com\/de\/wp-json\/wp\/v2\/media?parent=2465"}],"wp:term":[{"taxonomy":"product_brand","embeddable":true,"href":"https:\/\/ace-shop.com\/de\/wp-json\/wp\/v2\/product_brand?post=2465"},{"taxonomy":"product_cat","embeddable":true,"href":"https:\/\/ace-shop.com\/de\/wp-json\/wp\/v2\/product_cat?post=2465"},{"taxonomy":"product_tag","embeddable":true,"href":"https:\/\/ace-shop.com\/de\/wp-json\/wp\/v2\/product_tag?post=2465"}],"curies":[{"name":"wp","href":"https:\/\/api.w.org\/{rel}","templated":true}]}}