{"id":2446,"date":"2020-05-28T17:39:10","date_gmt":"2020-05-28T17:39:10","guid":{"rendered":"https:\/\/ace-shop.com\/product\/hp-scorpion-enduro-b\/"},"modified":"2025-10-09T09:11:02","modified_gmt":"2025-10-09T09:11:02","slug":"hp-scorpion-enduro-b","status":"publish","type":"product","link":"https:\/\/ace-shop.com\/de\/produkt\/hp-scorpion-enduro-b\/","title":{"rendered":"HP Scorpion Enduro"},"content":{"rendered":"","protected":false},"excerpt":{"rendered":"<ul>\n<li>bequemes Dreirad, das gerne abseits der ausgetretenen Pfade f\u00e4hrt. Und am liebsten bergab!<\/li>\n<li>cooles Aussehen!<\/li>\n<li>sehr komfortabel mit Vorder- und Hinterradaufh\u00e4ngung<\/li>\n<li>geringer Luftwiderstand durch tiefe Konstruktion<\/li>\n<li>stabil bei rutschigen Bedingungen, Schnee macht Spa\u00df.<\/li>\n<li>sportliches Fahren mit 2 Vorderr\u00e4dern<\/li>\n<li>kann sehr schnell ohne Werkzeug zusammengeklappt werden, kann im Heck des Autos getragen werden<\/li>\n<li>Vorderr\u00e4der k\u00f6nnen mit Inbusschl\u00fcssel zerlegt werden<\/li>\n<\/ul>\n<div>Weitere Informationen finden Sie auf der Website von HP Velotechnik: https:\/\/www.hpvelotechnik.com\/de\/<br \/>\nIm Konfigurator von HP Velotechnik k\u00f6nnen Sie Ihr Fahrrad selbst zusammenstellen.<br \/>\nF\u00e4llt Ihnen das schwer? Dann vereinbaren Sie einen Beratungstermin .<\/div>\n<p>Der Preis h\u00e4ngt von der Ausf\u00fchrung ab:<\/p>\n<ul>\n<li>W\u00e4hlen Sie Ihre Ausf\u00fchrung im Konfigurator aus. (siehe unten)<\/li>\n<li>Teilen Sie den dort angegebenen Preis durch 1,19 ( 19% MwSt.)<\/li>\n<li>Multiplizieren Sie dann mit 1,09 (bei uns 9 % MwSt.)<\/li>\n<li>Das ist der Preis bei uns.<\/li>\n<\/ul>\n<p>&nbsp;<\/p>\n","protected":false},"featured_media":1845,"template":"","meta":{"_acf_changed":false,"_lmt_disableupdate":"no","_lmt_disable":""},"product_brand":[],"product_cat":[135],"product_tag":[],"class_list":{"0":"post-2446","1":"product","2":"type-product","3":"status-publish","4":"has-post-thumbnail","6":"product_cat-stabiles-dreirad","7":"pa_fietsdoel-freizeit","8":"pa_fietsdoel-geschwindigkeit","9":"pa_maximale-draagvermogen-140-de","10":"pa_merk-hp-velotechnik-de","11":"pa_soort-frame-faltrad","12":"pa_status-bestellen-ist-m","13":"pa_stuur-unten","14":"pa_vering-vollstaendig","16":"first","17":"outofstock","18":"shipping-taxable","19":"product-type-simple"},"acf":[],"_links":{"self":[{"href":"https:\/\/ace-shop.com\/de\/wp-json\/wp\/v2\/product\/2446","targetHints":{"allow":["GET"]}}],"collection":[{"href":"https:\/\/ace-shop.com\/de\/wp-json\/wp\/v2\/product"}],"about":[{"href":"https:\/\/ace-shop.com\/de\/wp-json\/wp\/v2\/types\/product"}],"wp:featuredmedia":[{"embeddable":true,"href":"https:\/\/ace-shop.com\/de\/wp-json\/wp\/v2\/media\/1845"}],"wp:attachment":[{"href":"https:\/\/ace-shop.com\/de\/wp-json\/wp\/v2\/media?parent=2446"}],"wp:term":[{"taxonomy":"product_brand","embeddable":true,"href":"https:\/\/ace-shop.com\/de\/wp-json\/wp\/v2\/product_brand?post=2446"},{"taxonomy":"product_cat","embeddable":true,"href":"https:\/\/ace-shop.com\/de\/wp-json\/wp\/v2\/product_cat?post=2446"},{"taxonomy":"product_tag","embeddable":true,"href":"https:\/\/ace-shop.com\/de\/wp-json\/wp\/v2\/product_tag?post=2446"}],"curies":[{"name":"wp","href":"https:\/\/api.w.org\/{rel}","templated":true}]}}