{"id":2444,"date":"2020-05-28T17:47:42","date_gmt":"2020-05-28T17:47:42","guid":{"rendered":"https:\/\/ace-shop.com\/product\/hp-scorpion-fx-b\/"},"modified":"2026-01-22T09:09:39","modified_gmt":"2026-01-22T09:09:39","slug":"hp-scorpion-fx-20-und-26-b","status":"publish","type":"product","link":"https:\/\/ace-shop.com\/de\/produkt\/hp-scorpion-fx-20-und-26-b\/","title":{"rendered":"HP Scorpion FX 20 en 26"},"content":{"rendered":"","protected":false},"excerpt":{"rendered":"<ul>\n<li>Neben dem bekannten Scorpion FX 20 hat HP nun auch das FX 26 auf den Markt gebracht.<br \/>\nDie idealen Fahrr\u00e4der f\u00fcr den Weg zur Arbeit, Touren und den Urlaub.<\/li>\n<li>kompaktes stabiles Trike, gute Balance<\/li>\n<li>sportliches Fahren, scharfe Lenkung mit 2 Vorderr\u00e4dern<\/li>\n<li>doppelte Bremskraft, 2 vordere Scheibenbremsen<\/li>\n<li>Vorderr\u00e4der k\u00f6nnen mit Inbusschl\u00fcssel zerlegt werden<\/li>\n<li>kann gefaltet werden<\/li>\n<li>Vorteil eines 20-Zoll-Hinterrads:\n<ul>\n<li>Das Rad ist stabiler.<\/li>\n<li>Der Wendekreis ist etwas kleiner.<\/li>\n<li>Gep\u00e4ck auf dem Gep\u00e4cktr\u00e4ger beeintr\u00e4chtigt die Stabilit\u00e4t weniger.<\/li>\n<\/ul>\n<\/li>\n<\/ul>\n<ul>\n<li>Vorteil eines 26-Zoll-Hinterrads:\n<ul>\n<li>Das Rad rollt besser auf schlechten Stra\u00dfenbel\u00e4gen.<\/li>\n<li>Die Kette hat mehr Abstand zum Stra\u00dfenschmutz.<\/li>\n<li>Hat in Bezug auf die Gangschaltung eine standardm\u00e4\u00dfigere \u00dcbersetzung, also Standardzahnr\u00e4der.<\/li>\n<li>HP hat f\u00fcr viel Stauraum auf diesem Fahrrad gesorgt.<\/li>\n<\/ul>\n<\/li>\n<\/ul>\n<div>Weitere Informationen finden Sie auf der Website von HP Velotechnik: https:\/\/www.hpvelotechnik.com\/de\/<br \/>\nIm Konfigurator von HP Velotechnik k\u00f6nnen Sie Ihr Fahrrad selbst zusammenstellen.<br \/>\nF\u00e4llt Ihnen das schwer? Dann vereinbaren Sie einen Beratungstermin .<\/div>\n<p>Der Preis h\u00e4ngt von der Ausf\u00fchrung ab:<\/p>\n<ul>\n<li>W\u00e4hlen Sie Ihre Ausf\u00fchrung im Konfigurator aus. (siehe unten)<\/li>\n<li>Teilen Sie den dort angegebenen Preis durch 1,19 ( 19% MwSt.)<\/li>\n<li>Multiplizieren Sie dann mit 1,09 (bei uns 9 % MwSt.)<\/li>\n<li>Das ist der Preis bei uns.<\/li>\n<\/ul>\n<p>Technische Daten HP Scorpion FX 20:<\/p>\n<div id=\"fahrzeugmae-tab\" class=\"clearfix eael-tab-content-item active\" data-title-link=\"fahrzeugmae-tab\">\n<ul>\n<li style=\"list-style-type: none;\">\n<ul>\n<li>Tretlagerh\u00f6he: 38\u201346 cm<\/li>\n<li>Bodenfreiheit: 13,5 cm (statisch eingefedert)<\/li>\n<li>Radstand: 107 cm<\/li>\n<li>Spurweite: 78 cm<\/li>\n<li>Breite: 83 cm<\/li>\n<li>L\u00e4nge: 165\u2013201 cm<\/li>\n<li>Wendekreis: 4,5 m au\u00dfen\u2013au\u00dfen<\/li>\n<li>Faltma\u00df: 100 \u00d7 83 \u00d7 71 cm<\/li>\n<li>Zerlegema\u00df: 104 \u00d7 83 \u00d7 60 cm<\/li>\n<\/ul>\n<\/li>\n<\/ul>\n<p>Technische Daten HP Scorpion FX 26:<\/p>\n<ul>\n<li>\n<div id=\"fahrzeugmae-tab\" class=\"clearfix eael-tab-content-item active\" data-title-link=\"fahrzeugmae-tab\">\n<ul>\n<li>Tretlagerh\u00f6he: 38\u201346 cm<\/li>\n<li>Bodenfreiheit: 16 cm (statisch eingefedert)<\/li>\n<li>Radstand: 120 cm<\/li>\n<li>Spurweite: 78 cm<\/li>\n<li>Breite: 83 cm<\/li>\n<li>L\u00e4nge: 190\u2013221 cm<\/li>\n<li>Wendekreis: 5,20 m au\u00dfen<\/li>\n<li>Faltma\u00df: 111 \u00d7 83 \u00d7 66 cm<\/li>\n<li>Zerlegema\u00df: 108 \u00d7 74 \u00d7 56 cm<\/li>\n<\/ul>\n<\/div>\n<\/li>\n<\/ul>\n<\/div>\n","protected":false},"featured_media":1821,"template":"","meta":{"_acf_changed":false,"_lmt_disableupdate":"no","_lmt_disable":""},"product_brand":[],"product_cat":[135],"product_tag":[246],"class_list":{"0":"post-2444","1":"product","2":"type-product","3":"status-publish","4":"has-post-thumbnail","6":"product_cat-stabiles-dreirad","7":"product_tag-bestelbaar-de","8":"pa_fietsdoel-freizeit","9":"pa_fietsdoel-geschwindigkeit","10":"pa_maximale-draagvermogen-140-de","11":"pa_merk-hp-velotechnik-de","12":"pa_soort-frame-faltrad","13":"pa_status-bestellen-ist-m","14":"pa_stuur-unten","15":"pa_vering-vollstaendig","17":"first","18":"outofstock","19":"shipping-taxable","20":"product-type-simple"},"acf":[],"_links":{"self":[{"href":"https:\/\/ace-shop.com\/de\/wp-json\/wp\/v2\/product\/2444","targetHints":{"allow":["GET"]}}],"collection":[{"href":"https:\/\/ace-shop.com\/de\/wp-json\/wp\/v2\/product"}],"about":[{"href":"https:\/\/ace-shop.com\/de\/wp-json\/wp\/v2\/types\/product"}],"wp:featuredmedia":[{"embeddable":true,"href":"https:\/\/ace-shop.com\/de\/wp-json\/wp\/v2\/media\/1821"}],"wp:attachment":[{"href":"https:\/\/ace-shop.com\/de\/wp-json\/wp\/v2\/media?parent=2444"}],"wp:term":[{"taxonomy":"product_brand","embeddable":true,"href":"https:\/\/ace-shop.com\/de\/wp-json\/wp\/v2\/product_brand?post=2444"},{"taxonomy":"product_cat","embeddable":true,"href":"https:\/\/ace-shop.com\/de\/wp-json\/wp\/v2\/product_cat?post=2444"},{"taxonomy":"product_tag","embeddable":true,"href":"https:\/\/ace-shop.com\/de\/wp-json\/wp\/v2\/product_tag?post=2444"}],"curies":[{"name":"wp","href":"https:\/\/api.w.org\/{rel}","templated":true}]}}