{"id":2443,"date":"2020-05-28T17:51:19","date_gmt":"2020-05-28T17:51:19","guid":{"rendered":"https:\/\/ace-shop.com\/product\/hp-scorpion-plus-b\/"},"modified":"2025-10-09T08:41:59","modified_gmt":"2025-10-09T08:41:59","slug":"hp-scorpion-plus-b","status":"publish","type":"product","link":"https:\/\/ace-shop.com\/de\/produkt\/hp-scorpion-plus-b\/","title":{"rendered":"HP Scorpion Plus 20 en 26"},"content":{"rendered":"","protected":false},"excerpt":{"rendered":"<ul>\n<li>stabiles, komfortables Trike f\u00fcr Touren<\/li>\n<li>Eine hohe Sitzposition erleichtert das Ein- und Aussteigen und gibt einen guten \u00dcberblick \u00fcber den Verkehr<\/li>\n<li>kann sehr schnell ohne Werkzeug zusammengeklappt werden, kann im Heck des Autos getragen werden<\/li>\n<li>Vorderr\u00e4der k\u00f6nnen mit Inbusschl\u00fcssel zerlegt werden<\/li>\n<li>Sehr gut geeignet, um sich an Menschen mit einer Behinderung anzupassen<\/li>\n<\/ul>\n<div>In de configurator van HP Velotechnik kunt u zelf uw fiets samenstellen.<br \/>\nVind u dit lastig? Bel dan voor een adviesafspraak .<\/div>\n<ul>\n<li>De prijs is afhankelijk van de uitvoering:\n<ul>\n<li>Kies uw uitvoering in de configurator. (zie onder)<\/li>\n<li>deel de daar gegeven prijs door 1,19 (daar 19% BTW)<\/li>\n<li>vermenigvuldig dan met 1,09 (bij ons 9% BTW)<\/li>\n<li>Dit is de prijs bij ons.<\/li>\n<\/ul>\n<\/li>\n<\/ul>\n<div>\nIm Konfigurator von HP Velotechnik k\u00f6nnen Sie Ihr Fahrrad selbst zusammenstellen.<br \/>\nF\u00e4llt Ihnen das schwer? Dann vereinbaren Sie einen Beratungstermin .<\/div>\n<p>Der Preis h\u00e4ngt von der Ausf\u00fchrung ab:<\/p>\n<ul>\n<li>W\u00e4hlen Sie Ihre Ausf\u00fchrung im Konfigurator aus. (siehe unten)<\/li>\n<li>Teilen Sie den dort angegebenen Preis durch 1,19 ( 19% MwSt.)<\/li>\n<li>Multiplizieren Sie dann mit 1,09 (bei uns 9 % MwSt.)<\/li>\n<li>Das ist der Preis bei uns.<\/li>\n<\/ul>\n<div><\/div>\n","protected":false},"featured_media":1815,"template":"","meta":{"_acf_changed":false,"_lmt_disableupdate":"no","_lmt_disable":""},"product_brand":[],"product_cat":[135],"product_tag":[246],"class_list":{"0":"post-2443","1":"product","2":"type-product","3":"status-publish","4":"has-post-thumbnail","6":"product_cat-stabiles-dreirad","7":"product_tag-bestelbaar-de","8":"pa_fietsdoel-freizeit","9":"pa_fietsdoel-rehabilitation","10":"pa_maximale-draagvermogen-150-de","11":"pa_merk-hp-velotechnik-de","12":"pa_soort-frame-faltrad","13":"pa_status-bestellen-ist-m","14":"pa_stuur-unten","15":"pa_vering-vollstaendig","17":"first","18":"outofstock","19":"shipping-taxable","20":"product-type-simple"},"acf":[],"_links":{"self":[{"href":"https:\/\/ace-shop.com\/de\/wp-json\/wp\/v2\/product\/2443","targetHints":{"allow":["GET"]}}],"collection":[{"href":"https:\/\/ace-shop.com\/de\/wp-json\/wp\/v2\/product"}],"about":[{"href":"https:\/\/ace-shop.com\/de\/wp-json\/wp\/v2\/types\/product"}],"wp:featuredmedia":[{"embeddable":true,"href":"https:\/\/ace-shop.com\/de\/wp-json\/wp\/v2\/media\/1815"}],"wp:attachment":[{"href":"https:\/\/ace-shop.com\/de\/wp-json\/wp\/v2\/media?parent=2443"}],"wp:term":[{"taxonomy":"product_brand","embeddable":true,"href":"https:\/\/ace-shop.com\/de\/wp-json\/wp\/v2\/product_brand?post=2443"},{"taxonomy":"product_cat","embeddable":true,"href":"https:\/\/ace-shop.com\/de\/wp-json\/wp\/v2\/product_cat?post=2443"},{"taxonomy":"product_tag","embeddable":true,"href":"https:\/\/ace-shop.com\/de\/wp-json\/wp\/v2\/product_tag?post=2443"}],"curies":[{"name":"wp","href":"https:\/\/api.w.org\/{rel}","templated":true}]}}