{"id":2430,"date":"2020-07-05T09:21:21","date_gmt":"2020-07-05T09:21:21","guid":{"rendered":"https:\/\/ace-shop.com\/product\/hase-trets-b\/"},"modified":"2025-10-03T13:01:48","modified_gmt":"2025-10-03T13:01:48","slug":"hase-trets-b","status":"publish","type":"product","link":"https:\/\/ace-shop.com\/de\/produkt\/hase-trets-b\/","title":{"rendered":"Hase Trets"},"content":{"rendered":"","protected":false},"excerpt":{"rendered":"<ul>\n<li>sehr hohe Stabilit\u00e4t<\/li>\n<li>Ideal f\u00fcr Kinder mit Spastik und Muskelkontrollproblemen<\/li>\n<li>M\u00f6glichkeit des unabh\u00e4ngigen Radfahrens<\/li>\n<li>Bei Bedarf k\u00f6nnen Sie aber auch die Kontrolle \u00fcbernehmen. eine Schubstange.<\/li>\n<li>kann auch als Anh\u00e4ngerfahrrad verwendet werden<\/li>\n<li>Viele Zubeh\u00f6rteile und Hilfsmittel wie Kurbelverk\u00fcrzer, Spezialpedale, Kn\u00fcppelhalter usw. sind erh\u00e4ltlich<\/li>\n<li>100 kg k\u00f6nnen alleine und 80 kg als Anh\u00e4nger geladen werden<\/li>\n<\/ul>\n<p>&nbsp;<\/p>\n<p>Der Preis h\u00e4ngt von der Ausf\u00fchrung ab:<\/p>\n<ul>\n<li>W\u00e4hlen Sie Ihre Ausf\u00fchrung im Konfigurator aus. (siehe unten)<\/li>\n<li>Teilen Sie den dort angegebenen Preis durch 1,19 ( 19 % MwSt.)<\/li>\n<li>Multiplizieren Sie dann mit 1,09 (bei uns 9 % MwSt.)<\/li>\n<li>Das ist der Preis bei uns.<\/li>\n<\/ul>\n","protected":false},"featured_media":1725,"template":"","meta":{"_acf_changed":false,"_lmt_disableupdate":"no","_lmt_disable":""},"product_brand":[],"product_cat":[135],"product_tag":[],"class_list":{"0":"post-2430","1":"product","2":"type-product","3":"status-publish","4":"has-post-thumbnail","6":"product_cat-stabiles-dreirad","7":"pa_elektrische-ondersteuning-nein","8":"pa_fietsdoel-freizeit","9":"pa_fietsdoel-rehabilitation","10":"pa_maximale-draagvermogen-100-de","11":"pa_merk-hase-de","12":"pa_soort-frame-fester-rahmen","13":"pa_status-bestellen-ist-m","14":"pa_stuur-unten","15":"pa_vering-keine","17":"first","18":"outofstock","19":"shipping-taxable","20":"product-type-simple"},"acf":[],"_links":{"self":[{"href":"https:\/\/ace-shop.com\/de\/wp-json\/wp\/v2\/product\/2430","targetHints":{"allow":["GET"]}}],"collection":[{"href":"https:\/\/ace-shop.com\/de\/wp-json\/wp\/v2\/product"}],"about":[{"href":"https:\/\/ace-shop.com\/de\/wp-json\/wp\/v2\/types\/product"}],"wp:featuredmedia":[{"embeddable":true,"href":"https:\/\/ace-shop.com\/de\/wp-json\/wp\/v2\/media\/1725"}],"wp:attachment":[{"href":"https:\/\/ace-shop.com\/de\/wp-json\/wp\/v2\/media?parent=2430"}],"wp:term":[{"taxonomy":"product_brand","embeddable":true,"href":"https:\/\/ace-shop.com\/de\/wp-json\/wp\/v2\/product_brand?post=2430"},{"taxonomy":"product_cat","embeddable":true,"href":"https:\/\/ace-shop.com\/de\/wp-json\/wp\/v2\/product_cat?post=2430"},{"taxonomy":"product_tag","embeddable":true,"href":"https:\/\/ace-shop.com\/de\/wp-json\/wp\/v2\/product_tag?post=2430"}],"curies":[{"name":"wp","href":"https:\/\/api.w.org\/{rel}","templated":true}]}}