{"id":2429,"date":"2020-07-05T09:40:18","date_gmt":"2020-07-05T09:40:18","guid":{"rendered":"https:\/\/ace-shop.com\/product\/hase-pino-tandem\/"},"modified":"2025-10-03T13:10:24","modified_gmt":"2025-10-03T13:10:24","slug":"hase-pino-tandem","status":"publish","type":"product","link":"https:\/\/ace-shop.com\/de\/produkt\/hase-pino-tandem\/","title":{"rendered":"Hase Pino tandem"},"content":{"rendered":"","protected":false},"excerpt":{"rendered":"<ul>\n<li>Neues model in 2021<\/li>\n<li>vorne liegen, hinten sitzen<\/li>\n<li>Fahrrad mit <span class=\"nicht-kursiv\">variable Radstand<\/span>, kann hinter ein Auto mittgenommen werden<\/li>\n<li>f\u00fcr 1 oder 2 Fahrer<\/li>\n<li>beide freie Sicht<\/li>\n<li>einfach miteinander zu reden<\/li>\n<li>\n<h4>Eltern und Kind<\/h4>\n<\/li>\n<li>am vorne das Kind<\/li>\n<li>Der Copilot kann sicher in optionalen Sicherheitsgurten schlafen<\/li>\n<li>\n<h4>Duo Fahrrad<\/h4>\n<\/li>\n<li>Vordersitz auch f\u00fcr Erwachsene bis 2m geeignet<\/li>\n<li>Der Fahrer vorne kann seine F\u00fc\u00dfe ruhig halten, optional ist jedoch eine Freilaufsperre erh\u00e4ltlich<\/li>\n<li><\/li>\n<li>\n<h4>Gep\u00e4ck Fahrrad<\/h4>\n<\/li>\n<li>Eine Gep\u00e4ckbox \/ Tasche kann auch einfach am Vordersitz befestigt werden.<\/li>\n<li>Es gibt auch eine Gep\u00e4ckablage und eine Tasche unter dem vorderen Fahrer m\u00f6glich.<\/li>\n<li>Sie haben also ein zweir\u00e4driges Lastenrad, mit dem Sie viel transportieren k\u00f6nnen.<\/li>\n<li>Auch eine Option ist; Bring dein Kind zur Schule. Und dann auf dem R\u00fcckweg die Gep\u00e4cktasche aufklappen und viel einkaufen machen.<\/li>\n<\/ul>\n<p>Der Preis h\u00e4ngt von der Ausf\u00fchrung ab:<\/p>\n<ul>\n<li>W\u00e4hlen Sie Ihre Ausf\u00fchrung im Konfigurator aus. (siehe unten)<\/li>\n<li>Teilen Sie den dort angegebenen Preis durch 1,19 ( 19 % MwSt.)<\/li>\n<li>Multiplizieren Sie dann mit 1,21 (bei uns 21 % MwSt.)<\/li>\n<li>Das ist der Preis bei uns.<\/li>\n<\/ul>\n","protected":false},"featured_media":3091,"template":"","meta":{"_acf_changed":false,"_lmt_disableupdate":"no","_lmt_disable":""},"product_brand":[],"product_cat":[136],"product_tag":[],"class_list":{"0":"post-2429","1":"product","2":"type-product","3":"status-publish","4":"has-post-thumbnail","6":"product_cat-zweirad","7":"pa_elektrische-ondersteuning-selecteer-bij-bestelling-de","8":"pa_fietsdoel-freizeit","9":"pa_fietsdoel-geschwindigkeit","10":"pa_fietsdoel-rehabilitation","11":"pa_merk-hase-de","12":"pa_op-afstappen-einfach","13":"pa_soort-frame-erweiterbar","14":"pa_status-bestellen-ist-m","15":"pa_vering-fur","17":"first","18":"outofstock","19":"shipping-taxable","20":"product-type-simple"},"acf":[],"_links":{"self":[{"href":"https:\/\/ace-shop.com\/de\/wp-json\/wp\/v2\/product\/2429","targetHints":{"allow":["GET"]}}],"collection":[{"href":"https:\/\/ace-shop.com\/de\/wp-json\/wp\/v2\/product"}],"about":[{"href":"https:\/\/ace-shop.com\/de\/wp-json\/wp\/v2\/types\/product"}],"wp:featuredmedia":[{"embeddable":true,"href":"https:\/\/ace-shop.com\/de\/wp-json\/wp\/v2\/media\/3091"}],"wp:attachment":[{"href":"https:\/\/ace-shop.com\/de\/wp-json\/wp\/v2\/media?parent=2429"}],"wp:term":[{"taxonomy":"product_brand","embeddable":true,"href":"https:\/\/ace-shop.com\/de\/wp-json\/wp\/v2\/product_brand?post=2429"},{"taxonomy":"product_cat","embeddable":true,"href":"https:\/\/ace-shop.com\/de\/wp-json\/wp\/v2\/product_cat?post=2429"},{"taxonomy":"product_tag","embeddable":true,"href":"https:\/\/ace-shop.com\/de\/wp-json\/wp\/v2\/product_tag?post=2429"}],"curies":[{"name":"wp","href":"https:\/\/api.w.org\/{rel}","templated":true}]}}