{"id":2975,"date":"2020-12-21T17:09:31","date_gmt":"2020-12-21T17:09:31","guid":{"rendered":"https:\/\/ace-shop.com\/?page_id=2975"},"modified":"2026-03-18T14:01:28","modified_gmt":"2026-03-18T14:01:28","slug":"news","status":"publish","type":"page","link":"https:\/\/ace-shop.com\/de\/news\/","title":{"rendered":"News"},"content":{"rendered":"<div class=\"wpb-content-wrapper\"><p>[vc_row][vc_column][vc_column_text css=&#8220;&#8220; woodmart_inline=&#8220;no&#8220; text_larger=&#8220;no&#8220;]<\/p>\r\n<p style=\"text-align: center;\">Fahrrad Fr\u00fchling<\/p>\r\n<p style=\"text-align: center;\">Das ist eine Veranstaltung in Bocholt, Deutschland, bei der wir am 28. und 29. M\u00e4rz mit einem Stand und Testfahrr\u00e4dern vertreten sind.<\/p>\r\n<p style=\"text-align: center;\">Feiere das Radfahren im Fr\u00fchling!<br \/>Mit Radtrends, Messe, Radtour, Musik, Essen und Aktionen.<\/p>\r\n<p style=\"text-align: center;\"><a href=\"https:\/\/ace-shop.com\/wp-content\/uploads\/2026\/03\/fahrrad-fruhling-poster-2026@.avif\"><img loading=\"lazy\" decoding=\"async\" class=\"alignnone size-large wp-image-7465\" src=\"https:\/\/ace-shop.com\/wp-content\/uploads\/2026\/03\/fahrrad-fruhling-poster-2026@-768x1024.avif\" alt=\"\" width=\"768\" height=\"1024\" srcset=\"https:\/\/ace-shop.com\/wp-content\/uploads\/2026\/03\/fahrrad-fruhling-poster-2026@-768x1024.avif 768w, https:\/\/ace-shop.com\/wp-content\/uploads\/2026\/03\/fahrrad-fruhling-poster-2026@-225x300.avif 225w, https:\/\/ace-shop.com\/wp-content\/uploads\/2026\/03\/fahrrad-fruhling-poster-2026@-150x200.avif 150w, https:\/\/ace-shop.com\/wp-content\/uploads\/2026\/03\/fahrrad-fruhling-poster-2026@.avif 1000w\" sizes=\"auto, (max-width: 768px) 100vw, 768px\" \/><\/a><\/p>\r\n<p>[\/vc_column_text][vc_zigzag][vc_separator][vc_column_text css=&#8220;&#8220; woodmart_inline=&#8220;no&#8220; text_larger=&#8220;no&#8220;]<\/p>\r\n<h2 style=\"text-align: center;\">Fr\u00fchlingsausflug<\/h2>\r\n<h2 style=\"text-align: center;\">ACE Trikes und Lieger\u00e4der<\/h2>\r\n<h2 style=\"text-align: center;\">Sonntag, 3. Mai 2026.<\/h2>\r\n<p style=\"text-align: center;\">Wer kommt mit? Es wird eine ruhige, kurze Tour (ca. 30 km).<\/p>\r\n<p style=\"text-align: center;\">Eine sch\u00f6ne Runde, bei der wir (aufgrund fr\u00fcherer Anfragen) nun einen Zwischenstopp am ber\u00fchmten Steinbruch einlegen.<\/p>\r\n<p style=\"text-align: center;\">Auch diesmal wieder mit Dank an Herrn Rave, der auch in den letzten beiden Jahren so sch\u00f6ne Touren ausgearbeitet hat.<\/p>\r\n<p style=\"text-align: center;\">Unterwegs gibt es eine Pause, bei der ACE uns einl\u00e4dt, da das Gesch\u00e4ft von ACE sein 30-j\u00e4hriges Jubil\u00e4um feiert und Wytske (ace-fietsen.nl) die Wartung \u00fcbernommen hat.<\/p>\r\n<p style=\"text-align: center;\">Selbst ich wei\u00df nicht, wo die Pause stattfindet und was serviert wird&#8230; \u263a<\/p>\r\n<p style=\"text-align: center;\">Treffpunkt ist um 13 Uhr bei ACE, Abfahrt ist um 13.30 Uhr.<\/p>\r\n<p style=\"text-align: center;\">Sie k\u00f6nnen Ihr eigenes Fahrrad mitbringen (kostenlos), ACE stellt auch Lieger\u00e4der und Trikes zur Verf\u00fcgung, die jedoch kostenpflichtig sind.<\/p>\r\n<p style=\"text-align: center;\">Auch Personen mit einem aufrechten Fahrrad sind willkommen.<\/p>\r\n<p style=\"text-align: center;\">&#8211;&gt; Eine vorherige Anmeldung ist nicht erforderlich, es sei denn, Sie m\u00f6chten ein Fahrrad von uns nutzen.<\/p>\r\n<p style=\"text-align: center;\">Dann: (0543530905 oder info@ace-shop.com)<\/p>\r\n<p style=\"text-align: center;\">Mit freundlichen Gr\u00fc\u00dfen,<\/p>\r\n<p style=\"text-align: center;\">Mark Burgers, im Namen des ACE-Teams<\/p>\r\n<p>&nbsp;<\/p>\r\n<p>&nbsp;<\/p>\r\n<p>[\/vc_column_text][vc_zigzag][vc_column_text woodmart_inline=&#8220;no&#8220; text_larger=&#8220;no&#8220;]<\/p>\r\n<h3 style=\"text-align: center;\">Zweit\u00e4gige H\u00e4ndlerschulung bei HP<\/h3>\r\n<p style=\"text-align: center;\">Mark, Wytske und Esther haben bei HP erneut ihr Weiterbildungszertifikat erworben.<\/p>\r\n<p style=\"text-align: center;\">Zwei Tage mit Theorie und Praxis. Wir haben unter anderem an der HP-Vorderradaufh\u00e4ngung und der Hinterachse des Delta tx geschraubt, aber auch Tipps zum Erstellen von Websites erhalten. Wir bleiben \u00fcber die neuesten Entwicklungen bei HP auf dem Laufenden. Es ist ein Ort, an dem wir Erfahrungen mit anderen H\u00e4ndlern und mit HP selbst austauschen k\u00f6nnen. Wir haben mitgeteilt, was uns in der Produktpalette fehlt, und hoffen, dass sie uns entgegenkommen k\u00f6nnen. Dann k\u00f6nnen wir unsere Kunden optimal bedienen.<\/p>\r\n<p>&nbsp;<\/p>\r\n<div id=\"attachment_7412\" style=\"width: 1010px\" class=\"wp-caption alignnone\"><a href=\"https:\/\/ace-shop.com\/wp-content\/uploads\/2026\/03\/ACE-en-ACE-bij-HP-2026-@.avif\"><img loading=\"lazy\" decoding=\"async\" aria-describedby=\"caption-attachment-7412\" class=\"size-full wp-image-7412\" src=\"https:\/\/ace-shop.com\/wp-content\/uploads\/2026\/03\/ACE-en-ACE-bij-HP-2026-@.avif\" alt=\"\" width=\"1000\" height=\"685\" srcset=\"https:\/\/ace-shop.com\/wp-content\/uploads\/2026\/03\/ACE-en-ACE-bij-HP-2026-@.avif 1000w, https:\/\/ace-shop.com\/wp-content\/uploads\/2026\/03\/ACE-en-ACE-bij-HP-2026-@-300x206.avif 300w, https:\/\/ace-shop.com\/wp-content\/uploads\/2026\/03\/ACE-en-ACE-bij-HP-2026-@-768x526.avif 768w, https:\/\/ace-shop.com\/wp-content\/uploads\/2026\/03\/ACE-en-ACE-bij-HP-2026-@-150x103.avif 150w\" sizes=\"auto, (max-width: 1000px) 100vw, 1000px\" \/><\/a><p id=\"caption-attachment-7412\" class=\"wp-caption-text\">ACE en ACE bei HP 2026<\/p><\/div>\r\n<p>[\/vc_column_text][vc_zigzag][vc_column_text css=&#8220;&#8220; woodmart_inline=&#8220;no&#8220; text_larger=&#8220;no&#8220;]<\/p>\r\n<h2 style=\"text-align: center;\">Party!!!<\/h2>\r\n<p style=\"text-align: center;\">Unser ACE-Gesch\u00e4ft besteht seit 30 Jahren!<\/p>\r\n<p style=\"text-align: center;\">Deshalb feiern wir und Sie d\u00fcrfen mitfeiern.<\/p>\r\n<p style=\"text-align: center;\">Bis zum 31. Januar bieten wir Ihnen einen Rabatt von 10 % auf unsere Lagerfahrr\u00e4der und 5 % auf die Bestellung Ihres neuen Fahrrads.<\/p>\r\n<p style=\"text-align: center;\">So profitieren Sie von einem Vorteil und vermeiden gleichzeitig den Andrang im Fr\u00fchjahr.<\/p>\r\n<p>[\/vc_column_text][vc_zigzag][vc_column_text css=&#8220;&#8220; woodmart_inline=&#8220;no&#8220; text_larger=&#8220;no&#8220;]<\/p>\r\n<h2 style=\"text-align: center;\">Zum 1.1.2026<\/h2>\r\n<p style=\"text-align: center;\"><strong>Nach 30 Jahren<\/strong> \u00fcbergibt ACE am 1.1.2026 mit einem sehr guten Gef\u00fchl die Werkzeuge an <strong>Wytske de Jong<\/strong>.<\/p>\r\n<p style=\"text-align: center;\">Sie m\u00f6chte in den n\u00e4chsten 30 Jahren Ihre Lieger\u00e4der und\/oder Trikes und\/oder Velomobile mit dem gleichen Engagement und der gewohnten Qualit\u00e4t warten. Zu diesem Zweck hat sie bereits anderthalb Jahre mitgearbeitet und sich mit den Besonderheiten der verschiedenen Modelle vertraut gemacht. Sie ist ausgebildete Technikerin (TU) und verf\u00fcgte daher bereits \u00fcber viel Wissen und Verst\u00e4ndnis.<\/p>\r\n<p style=\"text-align: center;\">Bis auf Weiteres bleibt der Standort unver\u00e4ndert. Wir verschwinden nicht, sondern verkaufen weiterhin.<\/p>\r\n<p style=\"text-align: center;\">Und wenn eine Aufgabe mit spezieller, \u00e4lterer Technik ansteht, die sie noch nicht kennt, helfen wir Wytske nat\u00fcrlich. Sie arbeitet selbstst\u00e4ndig, ihr Unternehmen hei\u00dft \u201eAchterhoek Cycle Engineering\u201d.<\/p>\r\n<p style=\"text-align: center;\">Sie erreichen sie \u00fcber:<\/p>\r\n<p style=\"text-align: center;\">ihre Website: https:\/\/ace-fietsen.nl\/<\/p>\r\n<p style=\"text-align: center;\">E-Mail: info@ace-fietsen.nl ,<\/p>\r\n<p style=\"text-align: center;\">Telefon: 06-38731057 Erreichbar: Di\u2013Fr 10\u201317 Uhr<\/p>\r\n<p style=\"text-align: center;\">Wir sind unseren Kunden f\u00fcr ihre oft jahrzehntelange Treue sehr dankbar und erwarten, dass es mit Wytske nur noch besser werden kann.<\/p>\r\n<p>[\/vc_column_text][vc_zigzag][vc_column_text css=&#8220;&#8220; woodmart_inline=&#8220;no&#8220; text_larger=&#8220;no&#8220;]<\/p>\r\n<h3 style=\"text-align: center;\"><strong>\u00a0Voorjaarstochtje ACE Ligfietsen maandag 21 April 2025 (tweede Paasdag).<\/strong><\/h3>\r\n<p style=\"text-align: center;\">Wie gaat er mee? Het wordt een rustige korte tocht (ca. 30 km).<br \/>Een mooi rondje om \u00d6eding en langs Ratum.<\/p>\r\n<p style=\"text-align: center;\">De heer Rave, die vorig jaar ook zo een mooie tocht had uitgestippeld. heeft hem weer gemaakt. Daarvoor onze hartelijke dank.<br \/>Eten en drinken voor onderweg a.u.b. zelf meenemen. Ik neem wel wat roze koeken mee\u263a<\/p>\r\n<p style=\"text-align: center;\">Verzamelen bij ACE vanaf 13 uur en we vertrekken om 13.30 uur.<br \/>U kunt rijden op uw eigen fiets (gratis), ACE heeft ook ligfietsen en trikes beschikbaar, niet gratis.<br \/>Ook mensen met een rechtop fiets zijn welkom.<br \/><strong>&#8211;&gt;<\/strong> Aanmelden vooraf is niet nodig, behalve als u een fiets van ons wilt gebruiken.<br \/>Dan: (0543530905 of <a href=\"mailto:info@ace-shop.com\">info@ace-shop.com<\/a>)<\/p>\r\n<p style=\"text-align: center;\">Met hartelijke groet,<br \/>Mark Burgers namens team ACE<\/p>\r\n<p>&nbsp;<\/p>\r\n<p>[\/vc_column_text][vc_zigzag][vc_separator][vc_column_text css=&#8220;&#8220; woodmart_inline=&#8220;no&#8220; text_larger=&#8220;no&#8220;]<\/p>\r\n<p style=\"text-align: center;\">We staan op 20, 21 en 22 maart op de Veinedagen beurs in Utrecht Het is een samenwerking met de andere trikespecialisten van Nederland en de producenten Hp Velotechnik, HASE en AZUB.<\/p>\r\n<p style=\"text-align: center;\"><a href=\"https:\/\/veinedagen.nl\/\">https:\/\/veinedagen.nl\/<\/a><\/p>\r\n<p style=\"text-align: center;\"><a href=\"https:\/\/ace-shop.com\/wp-content\/uploads\/2025\/02\/banner-sites.png\"><img loading=\"lazy\" decoding=\"async\" class=\"alignnone size-large wp-image-5164\" src=\"https:\/\/ace-shop.com\/wp-content\/uploads\/2025\/02\/banner-sites-1024x724.png\" alt=\"\" width=\"1024\" height=\"724\" srcset=\"https:\/\/ace-shop.com\/wp-content\/uploads\/2025\/02\/banner-sites-1024x724.png 1024w, https:\/\/ace-shop.com\/wp-content\/uploads\/2025\/02\/banner-sites-150x106.avif 150w, https:\/\/ace-shop.com\/wp-content\/uploads\/2025\/02\/banner-sites-1200x848.avif 1200w, https:\/\/ace-shop.com\/wp-content\/uploads\/2025\/02\/banner-sites-300x212.png 300w, https:\/\/ace-shop.com\/wp-content\/uploads\/2025\/02\/banner-sites-768x543.png 768w, https:\/\/ace-shop.com\/wp-content\/uploads\/2025\/02\/banner-sites-1536x1085.png 1536w, https:\/\/ace-shop.com\/wp-content\/uploads\/2025\/02\/banner-sites.avif 1684w\" sizes=\"auto, (max-width: 1024px) 100vw, 1024px\" \/><\/a><\/p>\r\n<p style=\"text-align: center;\">Als u van beursbezoek houdt, dan is dit een mooie kans om iedereen te ontmoeten.<\/p>\r\n<p style=\"text-align: center;\">Indien u overweegt een trike te kopen dan raad ik u aan om een afspraak met ons te maken. We hebben namelijk heel veel modellen in huis en kunnen dan alle tijd voor u nemen. En een mooie proefrit hoort dan ook tot de mogelijkheden.<\/p>\r\n<p style=\"text-align: center;\">ACE trikes-ligfietsen, tel: 0543-530905<\/p>\r\n<p>[\/vc_column_text][vc_zigzag][vc_column_text css=&#8220;&#8220; woodmart_inline=&#8220;no&#8220; text_larger=&#8220;no&#8220;]<\/p>\r\n<h4 style=\"text-align: center;\">Nieuw<\/h4>\r\n<p style=\"text-align: center;\">Er is een nieuw knipperlicht systeem op de markt. <strong>Turntec<\/strong> van Busch &amp; M\u00fcller, waar wij al veel lampen van hebben.<\/p>\r\n<p style=\"text-align: center;\">Het ziet er gelikt uit. Het bestaat uit knipperlichten links en rechts op het stuur, die zowel van voren als van achteren te zien zijn. En een lichtbalkje voor de achterkant voor de fiets. De bediening gaat met een knop aan het stuur. Het systeem wordt normaal gesproken aangesloten op de accu van uw e- motor, maar kan ook op een losse accu.<\/p>\r\n<p style=\"text-align: center;\">Het is niet speciaal voor ligfietsen en trikes ontwikkeld, dat scheelt enorm in de prijs. Het inbouwen blijft voor ons wel altijd even puzzelen om het zo mooi mogelijk op uw specifieke fiets te passen.<\/p>\r\n<p style=\"text-align: center;\">Het kost 200 euro plus de kosten voor de inbouwtijd.<\/p>\r\n<p style=\"text-align: center;\"><a href=\"https:\/\/ace-shop.com\/wp-content\/uploads\/2025\/01\/IMG_20250122_143834-scaled.jpg\"><img loading=\"lazy\" decoding=\"async\" class=\"alignnone size-large wp-image-5159\" src=\"https:\/\/ace-shop.com\/wp-content\/uploads\/2025\/01\/IMG_20250122_143834-768x1024.jpg\" alt=\"\" width=\"768\" height=\"1024\" srcset=\"https:\/\/ace-shop.com\/wp-content\/uploads\/2025\/01\/IMG_20250122_143834-768x1024.jpg 768w, https:\/\/ace-shop.com\/wp-content\/uploads\/2025\/01\/IMG_20250122_143834-scaled-150x200.avif 150w, https:\/\/ace-shop.com\/wp-content\/uploads\/2025\/01\/IMG_20250122_143834-scaled-1200x1600.avif 1200w, https:\/\/ace-shop.com\/wp-content\/uploads\/2025\/01\/IMG_20250122_143834-225x300.jpg 225w, https:\/\/ace-shop.com\/wp-content\/uploads\/2025\/01\/IMG_20250122_143834-1152x1536.jpg 1152w, https:\/\/ace-shop.com\/wp-content\/uploads\/2025\/01\/IMG_20250122_143834-1536x2048.jpg 1536w, https:\/\/ace-shop.com\/wp-content\/uploads\/2025\/01\/IMG_20250122_143834-scaled.avif 1920w\" sizes=\"auto, (max-width: 768px) 100vw, 768px\" \/><\/a><\/p>\r\n<p>[\/vc_column_text][vc_zigzag][vc_column_text css=&#8220;&#8220; woodmart_inline=&#8220;no&#8220; text_larger=&#8220;no&#8220;]<\/p>\r\n<p style=\"text-align: center;\">16-01-2025<\/p>\r\n<p style=\"text-align: center;\">De afgelopen vakantie waren we gesloten, maar we hebben wel van de gelegenheid gebruik gemaakt om de winkel te verbeteren.<\/p>\r\n<p style=\"text-align: center;\">We hebben de akoestiek verbeterd met akoestische panelen en we hebben tapijt gelegd op en onder het fietsen schap. Hiermee is de echo verminderd.<\/p>\r\n<p style=\"text-align: center;\">En volgens ons is het ook mooier geworden.<\/p>\r\n<p style=\"text-align: center;\"><a href=\"https:\/\/ace-shop.com\/wp-content\/uploads\/2025\/01\/IMG_20250122_144435-scaled.jpg\"><img loading=\"lazy\" decoding=\"async\" class=\"alignnone size-large wp-image-5060\" src=\"https:\/\/ace-shop.com\/wp-content\/uploads\/2025\/01\/IMG_20250122_144435-1024x768.jpg\" alt=\"\" width=\"1024\" height=\"768\" srcset=\"https:\/\/ace-shop.com\/wp-content\/uploads\/2025\/01\/IMG_20250122_144435-1024x768.jpg 1024w, https:\/\/ace-shop.com\/wp-content\/uploads\/2025\/01\/IMG_20250122_144435-scaled-150x113.avif 150w, https:\/\/ace-shop.com\/wp-content\/uploads\/2025\/01\/IMG_20250122_144435-scaled-1200x900.avif 1200w, https:\/\/ace-shop.com\/wp-content\/uploads\/2025\/01\/IMG_20250122_144435-300x225.jpg 300w, https:\/\/ace-shop.com\/wp-content\/uploads\/2025\/01\/IMG_20250122_144435-768x576.jpg 768w, https:\/\/ace-shop.com\/wp-content\/uploads\/2025\/01\/IMG_20250122_144435-1536x1152.jpg 1536w, https:\/\/ace-shop.com\/wp-content\/uploads\/2025\/01\/IMG_20250122_144435-2048x1536.jpg 2048w\" sizes=\"auto, (max-width: 1024px) 100vw, 1024px\" \/><\/a><\/p>\r\n<p>[\/vc_column_text][vc_zigzag color=&#8220;chino&#8220;][vc_column_text woodmart_inline=&#8220;no&#8220; text_larger=&#8220;no&#8220;]<\/p>\r\n<h1><b>Voorjaarstochtje ACE Ligfietsen zondag 7 April 2024.<\/b><\/h1>\r\n<div class=\"module--translations-translatedtext js-module--translations-translatedtext\" data-size=\"s\">Wie doet er mee? Het wordt een mooie tocht (ongeveer 30 km)<\/div>\r\n<div class=\"module--translations-translatedtext js-module--translations-translatedtext\" data-size=\"s\">Ik leid de rondleiding zelf en verwacht een gezellige middag.<\/div>\r\n<div class=\"module--translations-translatedtext js-module--translations-translatedtext\" data-size=\"s\">Een gelegenheid om andere trikers te ontmoeten en ervaringen uit te wisselen.<\/div>\r\n<div data-size=\"s\">\u00a0<\/div>\r\n<div class=\"module--translations-translatedtext js-module--translations-translatedtext\" data-size=\"s\">Deelname is gratis. De pauze is met je eigen koffie en koek.<\/div>\r\n<div data-size=\"s\">\u00a0<\/div>\r\n<div class=\"module--translations-translatedtext js-module--translations-translatedtext\" data-size=\"s\"><strong>Verzamelen vanaf 13:00 bij ACE en vertrek om 13:30 uur.<\/strong><\/div>\r\n<div data-size=\"s\">\u00a0<\/div>\r\n<p>U kunt rijden op uw eigen fiets, ACE heeft ook ligfietsen en trikes te huur, deze dag voor half geld.<br \/><strong>&#8211;&gt;<\/strong> Aanmelden vooraf (0543530905 of <a href=\"mailto:info@ace-shop.com\">info@ace-shop.com<\/a>) is nodig als u een fiets van ons wilt gebruiken.<\/p>\r\n<p>Met hartelijke groet,<br \/>Mark Burgers, namens team ACE<\/p>\r\n<p>[\/vc_column_text][vc_zigzag color=&#8220;chino&#8220;][vc_column_text woodmart_inline=&#8220;no&#8220; text_larger=&#8220;no&#8220;]<\/p>\r\n<h1><b>Voorjaarstochtje ACE Ligfietsen zondag 23 April 2023.<\/b><\/h1>\r\n<p>Wie gaat er mee? Het wordt een korte tocht (ca. 20 km) met een wandelingetje over een smal vlonderpad onderweg.<br \/>Zie nummer twee van <a href=\"https:\/\/www.hartjebuiten.nl\/de-10-mooiste-vlonderpaden-van-nederland\/\" data-saferedirecturl=\"https:\/\/www.google.com\/url?q=https:\/\/www.hartjebuiten.nl\/de-10-mooiste-vlonderpaden-van-nederland\/&amp;source=gmail&amp;ust=1679904104331000&amp;usg=AOvVaw2SoP8vCvyhUwZNDo-6LLX9\">https:\/\/www.hartjebuiten.nl\/de-10-mooiste-vlonderpaden-van-nederland\/<\/a><br \/>We rijden er heen via de waarschijnlijk oudste boom van Winterswijk, hij heeft een stamomtrek van 6 meter.<\/p>\r\n<p>Zie <a href=\"https:\/\/www.monumentaltrees.com\/nl\/nld\/gelderland\/winterswijk\/4791_boerderijsieverdink\/9677\/\" data-saferedirecturl=\"https:\/\/www.google.com\/url?q=https:\/\/www.monumentaltrees.com\/nl\/nld\/gelderland\/winterswijk\/4791_boerderijsieverdink\/9677\/&amp;source=gmail&amp;ust=1679904104331000&amp;usg=AOvVaw2EXubd4agIJh1gYv2s1NCa\">https:\/\/www.monumentaltrees.com\/nl\/nld\/gelderland\/winterswijk\/4791_boerderijsieverdink\/9677\/<\/a><\/p>\r\n<p>De pauze is dan bij de parkeerplaats van het vlonderpad, met eigen koffie en koeken.<\/p>\r\n<p>Wie niet meewandelt heeft dan een langere pauze.<\/p>\r\n<p>&nbsp;<\/p>\r\n<p>Verzamelen bij ACE vanaf 13 uur en we vertrekken om 14 uur.<br \/>U kunt rijden op uw eigen fiets, ACE heeft ook ligfietsen en trikes te huur, deze dag voor half geld.<br \/><strong>&#8211;&gt;<\/strong> Aanmelden vooraf (0543530905 of <a href=\"mailto:info@ace-shop.com\">info@ace-shop.com<\/a>) is nodig als u een fiets van ons wilt gebruiken.<\/p>\r\n<p>Met hartelijke groet,<br \/>Mark Burgers namens team ACE<\/p>\r\n<p>&nbsp;<\/p>\r\n<p>[\/vc_column_text][vc_zigzag color=&#8220;chino&#8220;][vc_column_text text_larger=&#8220;no&#8220; woodmart_inline=&#8220;no&#8220;]<\/p>\r\n<p style=\"text-align: center;\"><\/p>\r\n<h1>Veranderende openingstijden:<\/h1>\r\n<p>Vanaf heden op vrijdagavond gesloten.<\/p>\r\n<p>We hadden al erg weinig bezoek op vrijdagavond, dus nu alleen op afspraak geopend na 17.00 uur.<\/p>\r\n<p>&nbsp;<\/p>\r\n<h1>Vanwege vakantie:<\/h1>\r\n<p>Wij zijn de hele zomer geopend behalve op de donderdagen<\/p>\r\n<ul>\r\n<li>14 juli<\/li>\r\n<li>21 juli<\/li>\r\n<li>28 juli<\/li>\r\n<\/ul>\r\n<h1>Ligfietstochtje 10 juli 2022<\/h1>\r\n<p>Eindelijk mogen we weer wat organiseren, joepie!<br \/>De winkel van ACE opende de deur op 1-12-1995.<br \/>Het 25 jarig jubileum is nog niet gevierd, en omdat we het nogal druk hebben gaan we ook niet naar de pers ermee.<br \/>Wat we wel gaan doen is jullie uitnodigen om mee te fietsen op 10 juli 2022.<br \/>En dan trakteert ACE op een appeltaart met koffie\/thee bij het beroemde restaurant Bertram in Bredevoort.<br \/>ACE is dan open om 13 uur en we vertrekken om 14 uur. De winkel gaat daarna dicht. We zijn terug voor het avondeten.<br \/>De eerste stop is bij de historische Engelse Schans bij Lievelde, daar is ook een uitkijktoren voor een mooi overzicht.<br \/>Lengte tocht zal ca. 30 km. zijn, met rustig tempo.<br \/>U kunt rijden op uw eigen fiets, ACE heeft ook ligfietsen en trikes te huur, deze dag voor half geld.<br \/><strong>&#8211;&gt;<\/strong> Aanmelden vooraf (0543530905 of <a href=\"mailto:info@ace-shop.com\">info@ace-shop.com<\/a>) is nodig i.v.m. reserveren terras en taart.<\/p>\r\n<p>&nbsp;<\/p>\r\n<h2>Vanaf 25 Februari 2022: alles mag weer, welkom!<\/h2>\r\n<p>U kunt langskomen zonder afspraak te maken.<br \/>Voor uitgebreid advies verzoeken we u altijd al om wel een afspraak te maken. (tel: 0543-530905)<br \/>Er is veel te kiezen en dus zijn we vaak wel even met u in gesprek.<br \/>Wacht niet te lang indien u plannen heeft. Sommige fietsen en onderdelen hebben een lange levertijd gekregen. Check uw fiets bijvoorbeeld lang van tevoren indien u er mee op vakantie wilt. Wij kunnen niet garanderen dat het met een week voor elkaar is.<\/p>\r\n<p>Vanaf 15 Januari 2022: Lockdown wordt weer versoepeld!<\/p>\r\n<p>U kunt langskomen zonder afspraak te maken.<br \/>Voor uitgebreid advies verzoeken we u altijd al om wel een afspraak te maken. (tel: 0543-530905)<br \/>Er is veel te kiezen en dus zijn we vaak wel even met u in gesprek.<br \/>Er is ruimte voor maximaal 7 klanten in de winkel.<br \/>Wacht niet te lang indien u plannen heeft. Sommige fietsen en onderdelen hebben een lange levertijd gekregen. Check uw fiets bijvoorbeeld lang van tevoren indien u er mee op vakantie wilt. Wij kunnen niet garanderen dat het met een week voor elkaar is.<\/p>\r\n<p>&nbsp;<\/p>\r\n<p>Wegens Corona gewijzigde opening ACE (ACE is een essenti\u00eble winkel voor mensen met een mobiliteitsbeperking)<br \/>Geldig t\/m 14 Januari 2022<br \/>We zijn er voor u, maar alleen op afspraak. Bel 0543-530905 om een afspraak te maken<strong><br \/><\/strong><\/p>\r\n<p>Per 6-11-2021: mondkapje en 1\u00bd meter weer verplicht. Gaarne bellen 0543-530905 voordat u komt.<\/p>\r\n<p>We gaan de hele zomer door.<br \/>Slechts twee dagen gesloten: 22 en 29 juli 2021<\/p>\r\n<h6 class=\"wp-block-heading\">vanaf 26 juli<\/h6>\r\n<p>Mondkapjes zijn in onze winkel niet meer verplicht, tenzij de anderhalve meter afstand niet meer gehandhaafd kan worden.<\/p>\r\n<h6>per 5 juni<\/h6>\r\n<h2>Verdere versoepelingen.<\/h2>\r\n<p>Het personeel heeft de eerste prik gehad.<\/p>\r\n<p>En de cafe&#8217;s en restaurants gaan weer open. Zodat u er even lekker op uit kunt terwijl wij uw fiets repareren. En er mogen maximaal 5 klanten tegelijk aanwezig zijn in onze winkel.<\/p>\r\n<h6>\u00a0<\/h6>\r\n<h6>\u00a0<\/h6>\r\n<h6>28 april 2021<\/h6>\r\n<h2>Lockdown wordt verder versoepeld!<\/h2>\r\n<p>U kunt weer langskomen zonder afspraak te maken.<\/p>\r\n<p>Voor uitgebreid advies verzoeken we u altijd al om wel een afspraak te maken. Er is veel te kiezen en dus zijn we vaak wel even met u in gesprek.<\/p>\r\n<p>Er is ruimte voor maximaal twee klanten in de winkel.<\/p>\r\n<p>Wacht niet te lang indien u plannen heeft. Sommige fietsen en onderdelen hebben een lange levertijd gekregen. Check uw fiets bijvoorbeeld lang van tevoren indien u er mee op vakantie wilt. Wij kunnen niet garanderen dat het met een week voor elkaar is.<\/p>\r\n<h6>\u00a0<\/h6>\r\n<h6>24 febr 2021<\/h6>\r\n<h2>Lockdown wordt versoepeld!<\/h2>\r\n<p>Vanaf 3 maart kunt u op afspraak terecht in de winkel.<\/p>\r\n<p>Advies, proefrijden, reparaties, verkoop en bestellen is allemaal mogelijk.<\/p>\r\n<p>Het wordt een privebezoek . U kunt wel iemand meenemen.<\/p>\r\n<p>De afspraak maakt u minimaal 4 uur van tevoren.<\/p>\r\n<p style=\"text-align: center;\"><\/p>\r\n<p>Ook de ophaal en wegbrengservice zijn nog beschikbaar.<\/p>\r\n<p>Neem contact op via info@ace-shop.com<\/p>\r\n<p>&nbsp;<\/p>\r\n<p>&nbsp;<\/p>\r\n<h6>9 febr 2021<\/h6>\r\n<h2>Lockdown<\/h2>\r\n<p>De <strong>lockdown<\/strong> is verlengd tot 2 maart.<\/p>\r\n<p style=\"text-align: center;\"><\/p>\r\n<p>Dat houdt in dat de winkel is gesloten.<\/p>\r\n<p style=\"text-align: center;\"><\/p>\r\n<p>De werkplaats is echter wel open op afspraak.<\/p>\r\n<p style=\"text-align: center;\"><\/p>\r\n<p>Ook de ophaal en wegbrengservice zijn nog beschikbaar.<\/p>\r\n<p style=\"text-align: center;\"><\/p>\r\n<p>Advies mogen we ook nog steeds geven en fietsen bestellen. U kunt zelfs een proefrit maken, als wij hem bij u komen brengen.<\/p>\r\n<p>Onderdelen kunt u bestellen, dan sturen wij ze u toe, of we maken een afhaalafspraak met u.<\/p>\r\n<p style=\"text-align: center;\"><\/p>\r\n<p>Contact neemt u het best op via email.<\/p>\r\n<p>&nbsp;<\/p>\r\n<p style=\"text-align: center;\"><\/p>\r\n<p>[\/vc_column_text][vc_zigzag color=&#8220;chino&#8220;][vc_column_text text_larger=&#8220;no&#8220;]<\/p>\r\n<p>22-12-2020<\/p>\r\n<p>Informatie van HP Velotechnik:<\/p>\r\n<p>De levertijden gaan waarschijnlijk oplopen naar 4 tot 5 maanden.<\/p>\r\n<p>Dat houdt in dat als u in de zomer wilt fietsen op een nieuwe fiets van HP Velotechnik, dat het verstandig is om al na de jaarwisseling een fiets uit te kiezen en te bestellen.<\/p>\r\n<p>[\/vc_column_text][\/vc_column][\/vc_row]<\/p><\/div>","protected":false},"excerpt":{"rendered":"<p>[vc_row][vc_column][vc_column_text css=&#8220;&#8220; woodmart_inline=&#8220;no&#8220; text_larger=&#8220;no&#8220;] Fahrrad Fr\u00fchling Das ist eine Veranstaltung in Bocholt, Deutschland, bei der wir am 28. und 29.<\/p>\n","protected":false},"author":2,"featured_media":0,"parent":0,"menu_order":0,"comment_status":"closed","ping_status":"closed","template":"","meta":{"_acf_changed":false,"_lmt_disableupdate":"no","_lmt_disable":"","footnotes":""},"class_list":["post-2975","page","type-page","status-publish","hentry"],"acf":[],"_links":{"self":[{"href":"https:\/\/ace-shop.com\/de\/wp-json\/wp\/v2\/pages\/2975","targetHints":{"allow":["GET"]}}],"collection":[{"href":"https:\/\/ace-shop.com\/de\/wp-json\/wp\/v2\/pages"}],"about":[{"href":"https:\/\/ace-shop.com\/de\/wp-json\/wp\/v2\/types\/page"}],"author":[{"embeddable":true,"href":"https:\/\/ace-shop.com\/de\/wp-json\/wp\/v2\/users\/2"}],"replies":[{"embeddable":true,"href":"https:\/\/ace-shop.com\/de\/wp-json\/wp\/v2\/comments?post=2975"}],"version-history":[{"count":19,"href":"https:\/\/ace-shop.com\/de\/wp-json\/wp\/v2\/pages\/2975\/revisions"}],"predecessor-version":[{"id":7470,"href":"https:\/\/ace-shop.com\/de\/wp-json\/wp\/v2\/pages\/2975\/revisions\/7470"}],"wp:attachment":[{"href":"https:\/\/ace-shop.com\/de\/wp-json\/wp\/v2\/media?parent=2975"}],"curies":[{"name":"wp","href":"https:\/\/api.w.org\/{rel}","templated":true}]}}