{"id":1169,"date":"2019-10-11T23:34:36","date_gmt":"2019-10-11T23:34:36","guid":{"rendered":"https:\/\/ace-shop.com\/waarom-ligfietsen\/comfort\/"},"modified":"2026-05-08T14:26:21","modified_gmt":"2026-05-08T14:26:21","slug":"komfort","status":"publish","type":"page","link":"https:\/\/ace-shop.com\/de\/waarom-ligfietsen\/komfort\/","title":{"rendered":"Komfort"},"content":{"rendered":"<div class=\"wpb-content-wrapper\"><p>[vc_row][vc_column][vc_column_text text_larger=&#8220;no&#8220;]<strong>Warum ein Liegerad?<\/strong><\/p>\n<p>[\/vc_column_text][\/vc_column][\/vc_row][vc_row mobile_bg_img_hidden=&#8220;no&#8220; tablet_bg_img_hidden=&#8220;no&#8220; woodmart_parallax=&#8220;0&#8243; woodmart_gradient_switch=&#8220;no&#8220; row_reverse_mobile=&#8220;0&#8243; row_reverse_tablet=&#8220;0&#8243; woodmart_disable_overflow=&#8220;0&#8243;][vc_column width=&#8220;1\/2&#8243; mobile_bg_img_hidden=&#8220;no&#8220; tablet_bg_img_hidden=&#8220;no&#8220; woodmart_parallax=&#8220;0&#8243; woodmart_sticky_column=&#8220;false&#8220; parallax_scroll=&#8220;no&#8220; mobile_reset_margin=&#8220;no&#8220; tablet_reset_margin=&#8220;no&#8220;][vc_column_text text_larger=&#8220;no&#8220;]<\/p>\n<h2><strong>Ich m\u00f6chte mehr Komfort<\/strong><\/h2>\n<h3>Kennen Sie das Gef\u00fchl?<\/h3>\n<p>Sie fahren gut Fahrrad, aber wenn die Reise etwas l\u00e4nger wird, bekommen Sie Schmerzen im Ges\u00e4\u00df, Ihre Handgelenke tun weh oder die Finger kribbeln.<\/p>\n<p><strong>Das muss nicht sein!<\/strong><\/p>\n<p>Ein Liegerad hat einen richtigen Stuhl. Vergessen Sie also die Sitzbeschwerden, die Sie auf einem Sattel haben. W\u00e4hlen Sie den richtigen Stuhl. Es gibt verschiedene Arten von St\u00fchlen.<\/p>\n<p>Es gibt St\u00fchle mit einem Netzsitz, sch\u00f6n luftig und bequem.<\/p>\n<p>Oder w\u00e4hlen Sie einen Hartschalenstuhl, der mehr Unterst\u00fctzung bietet. Sie sind in verschiedenen Gr\u00f6\u00dfen erh\u00e4ltlich, abh\u00e4ngig von der L\u00e4nge Ihres R\u00fcckens. Der Knoten in Ihrem Nacken sollte \u00fcber den Rand hinausragen. Probieren Sie einige Sitze aus, da sie manchmal auch in der Breite variieren. Diese St\u00fchle haben ein sehr offenes Kissen, so dass Ihr R\u00fccken noch l\u00fcften kann. Zum Beispiel von Ventisit.[\/vc_column_text][\/vc_column][vc_column width=&#8220;1\/2&#8243; mobile_bg_img_hidden=&#8220;no&#8220; tablet_bg_img_hidden=&#8220;no&#8220; woodmart_parallax=&#8220;0&#8243; woodmart_sticky_column=&#8220;false&#8220; parallax_scroll=&#8220;no&#8220; mobile_reset_margin=&#8220;no&#8220; tablet_reset_margin=&#8220;no&#8220;][vc_single_image image=&#8220;919&#8243; img_size=&#8220;large&#8220; css=&#8220;.vc_custom_1571440177941{margin-bottom: 0px !important;}&#8220; parallax_scroll=&#8220;no&#8220;][\/vc_column][\/vc_row][vc_row equal_height=&#8220;yes&#8220; content_placement=&#8220;top&#8220; mobile_bg_img_hidden=&#8220;no&#8220; tablet_bg_img_hidden=&#8220;no&#8220; woodmart_parallax=&#8220;0&#8243; woodmart_gradient_switch=&#8220;no&#8220; row_reverse_mobile=&#8220;0&#8243; row_reverse_tablet=&#8220;0&#8243; woodmart_disable_overflow=&#8220;0&#8243;][vc_column width=&#8220;1\/2&#8243; css=&#8220;.vc_custom_1570838656767{margin-bottom: 35px !important;}&#8220; mobile_bg_img_hidden=&#8220;no&#8220; tablet_bg_img_hidden=&#8220;no&#8220; woodmart_parallax=&#8220;0&#8243; woodmart_sticky_column=&#8220;false&#8220; parallax_scroll=&#8220;no&#8220; mobile_reset_margin=&#8220;no&#8220; tablet_reset_margin=&#8220;no&#8220;][vc_column_text css=&#8220;.vc_custom_1594905157258{margin-bottom: 20px !important;}&#8220; text_larger=&#8220;no&#8220;]<\/p>\n<h3><strong>Sitzhaltung<\/strong><\/h3>\n<p>Indem Sie sich zur\u00fccklehnen, entlasten Sie Ihren R\u00fccken und Ihr Ges\u00e4\u00df und m\u00fcssen sich nicht mehr auf Ihre H\u00e4nde st\u00fctzen. Ihre Arme sind daf\u00fcr dankbar, weil sie nicht zum Anlehnen gemacht sind.<\/p>\n<h3><strong>Steuerung<\/strong><\/h3>\n<p>F\u00fcr die Fahrr\u00e4der mit zwei R\u00e4dern stehen verschiedene Arten von Lenkern zur Auswahl: Ein Oberlenker, an dem Sie Ihre Arme aufh\u00e4ngen k\u00f6nnen. Ein Oberlenker sitzt w\u00e4hrend der Fahrt direkt vor Ihnen, kann jedoch h\u00e4ufig nach vorne geklappt werden, um das Einsteigen zu erleichtern. Ebenfalls m\u00f6glich ist ein Lenker \u00fcber dem Knie, der einem gro\u00dfen normalen Lenker am \u00e4hnlichsten ist. Sie haben das Fahrrad gut im Griff und es dreht sich um Ihre Knie. Oder Sie w\u00e4hlen einen Unterlenker, auf den sich Ihre H\u00e4nde sanft st\u00fctzen und der sich unter dem Sitz dreht.<\/p>\n<p>Die meisten Trikes sind mit einem praktischen und komfortablen Unterlenker ausgestattet.<\/p>\n<p>[\/vc_column_text][\/vc_column][vc_column width=&#8220;1\/4&#8243; offset=&#8220;vc_col-xs-6&#8243; mobile_bg_img_hidden=&#8220;no&#8220; tablet_bg_img_hidden=&#8220;no&#8220; woodmart_parallax=&#8220;0&#8243; woodmart_sticky_column=&#8220;false&#8220; parallax_scroll=&#8220;no&#8220; mobile_reset_margin=&#8220;no&#8220; tablet_reset_margin=&#8220;no&#8220;][vc_single_image image=&#8220;923&#8243; img_size=&#8220;medium&#8220; css=&#8220;.vc_custom_1570838394291{margin-bottom: 0px !important;}&#8220; parallax_scroll=&#8220;no&#8220;][\/vc_column][vc_column width=&#8220;1\/4&#8243; offset=&#8220;vc_col-xs-6&#8243; mobile_bg_img_hidden=&#8220;no&#8220; tablet_bg_img_hidden=&#8220;no&#8220; woodmart_parallax=&#8220;0&#8243; woodmart_sticky_column=&#8220;false&#8220; parallax_scroll=&#8220;no&#8220; mobile_reset_margin=&#8220;no&#8220; tablet_reset_margin=&#8220;no&#8220;][vc_single_image image=&#8220;925&#8243; img_size=&#8220;medium&#8220; css=&#8220;.vc_custom_1570838414984{margin-bottom: 0px !important;}&#8220; parallax_scroll=&#8220;no&#8220;][\/vc_column][\/vc_row][vc_row equal_height=&#8220;yes&#8220; content_placement=&#8220;top&#8220; css=&#8220;.vc_custom_1570838554217{margin-bottom: 8vh !important;}&#8220; mobile_bg_img_hidden=&#8220;no&#8220; tablet_bg_img_hidden=&#8220;no&#8220; woodmart_parallax=&#8220;0&#8243; woodmart_gradient_switch=&#8220;no&#8220; row_reverse_mobile=&#8220;0&#8243; row_reverse_tablet=&#8220;0&#8243; woodmart_disable_overflow=&#8220;0&#8243;][vc_column width=&#8220;1\/2&#8243; css=&#8220;.vc_custom_1570838656767{margin-bottom: 35px !important;}&#8220; mobile_bg_img_hidden=&#8220;no&#8220; tablet_bg_img_hidden=&#8220;no&#8220; woodmart_parallax=&#8220;0&#8243; woodmart_sticky_column=&#8220;false&#8220; parallax_scroll=&#8220;no&#8220; mobile_reset_margin=&#8220;no&#8220; tablet_reset_margin=&#8220;no&#8220;][vc_column_text css=&#8220;.vc_custom_1594905258500{margin-bottom: 20px !important;}&#8220; text_larger=&#8220;no&#8220;]<\/p>\n<h3>Dreirad<\/h3>\n<p>Sehr bequem ist auch die Stabilit\u00e4t eines Dreirads (auch Trike genannt). Dies bedeutet, da\u03b2 Balancieren nicht erforderlich ist und gerade das kostet auf einem Zweirad auf die Dauer noch viel Energie. Au\u03b2erdem macht Fahren auf einem Dreirad viel Spa\u03b2. Besonders bei Kurvenfahrten. Es f\u00fchlt sich sehr spielerisch und schnell an und ist daher nicht nur f\u00fcr Menschen mit Behinderungen gedacht. Auch sehr gut geeignet f\u00fcr lange Radtouren; wenn n\u00f6tig k\u00f6nnen Sie sehr langsam den Berg hinaufsteigen ohne umzufallen, so dass Sie nicht aussteigen und schieben m\u00fcssen. Und wenn Sie aussteigen, f\u00e4llt Ihr Fahrrad nie um.<\/p>\n<h4>Noch mehr Komfort<\/h4>\n<p>M\u00f6chten Sie den Komfort eines E-Bikes? Alle Lieger\u00e4der k\u00f6nnen mit einem Elektromotor ausgestattet werden.<\/p>\n<p>Federung ist auch eine M\u00f6glichkeit. An einem Rad, oder an zwei oder drei. Man f\u00e4hrt wie auf einem schwebendem Teppich!<\/p>\n<p>[\/vc_column_text][\/vc_column][vc_column width=&#8220;1\/2&#8243; mobile_bg_img_hidden=&#8220;no&#8220; tablet_bg_img_hidden=&#8220;no&#8220; woodmart_parallax=&#8220;0&#8243; woodmart_sticky_column=&#8220;false&#8220; parallax_scroll=&#8220;no&#8220; mobile_reset_margin=&#8220;no&#8220; tablet_reset_margin=&#8220;no&#8220;][vc_single_image image=&#8220;957&#8243; img_size=&#8220;large&#8220; css=&#8220;.vc_custom_1571439392520{margin-bottom: 0px !important;}&#8220; parallax_scroll=&#8220;no&#8220;][\/vc_column][\/vc_row]<\/p>\n<\/div>","protected":false},"excerpt":{"rendered":"<p>[vc_row][vc_column][vc_column_text text_larger=&#8220;no&#8220;]Warum ein Liegerad? [\/vc_column_text][\/vc_column][\/vc_row][vc_row mobile_bg_img_hidden=&#8220;no&#8220; tablet_bg_img_hidden=&#8220;no&#8220; woodmart_parallax=&#8220;0&#8243; woodmart_gradient_switch=&#8220;no&#8220; row_reverse_mobile=&#8220;0&#8243; row_reverse_tablet=&#8220;0&#8243; woodmart_disable_overflow=&#8220;0&#8243;][vc_column width=&#8220;1\/2&#8243; mobile_bg_img_hidden=&#8220;no&#8220; tablet_bg_img_hidden=&#8220;no&#8220; woodmart_parallax=&#8220;0&#8243; woodmart_sticky_column=&#8220;false&#8220; parallax_scroll=&#8220;no&#8220; mobile_reset_margin=&#8220;no&#8220; tablet_reset_margin=&#8220;no&#8220;][vc_column_text<\/p>\n","protected":false},"author":1,"featured_media":0,"parent":1139,"menu_order":0,"comment_status":"closed","ping_status":"closed","template":"","meta":{"_acf_changed":false,"_lmt_disableupdate":"","_lmt_disable":"","footnotes":""},"class_list":["post-1169","page","type-page","status-publish","hentry"],"acf":[],"_links":{"self":[{"href":"https:\/\/ace-shop.com\/de\/wp-json\/wp\/v2\/pages\/1169","targetHints":{"allow":["GET"]}}],"collection":[{"href":"https:\/\/ace-shop.com\/de\/wp-json\/wp\/v2\/pages"}],"about":[{"href":"https:\/\/ace-shop.com\/de\/wp-json\/wp\/v2\/types\/page"}],"author":[{"embeddable":true,"href":"https:\/\/ace-shop.com\/de\/wp-json\/wp\/v2\/users\/1"}],"replies":[{"embeddable":true,"href":"https:\/\/ace-shop.com\/de\/wp-json\/wp\/v2\/comments?post=1169"}],"version-history":[{"count":1,"href":"https:\/\/ace-shop.com\/de\/wp-json\/wp\/v2\/pages\/1169\/revisions"}],"predecessor-version":[{"id":6942,"href":"https:\/\/ace-shop.com\/de\/wp-json\/wp\/v2\/pages\/1169\/revisions\/6942"}],"up":[{"embeddable":true,"href":"https:\/\/ace-shop.com\/de\/wp-json\/wp\/v2\/pages\/1139"}],"wp:attachment":[{"href":"https:\/\/ace-shop.com\/de\/wp-json\/wp\/v2\/media?parent=1169"}],"curies":[{"name":"wp","href":"https:\/\/api.w.org\/{rel}","templated":true}]}}