{"id":1161,"date":"2019-10-20T08:19:45","date_gmt":"2019-10-20T08:19:45","guid":{"rendered":"https:\/\/ace-shop.com\/waarom-ligfietsen\/revalidatie\/"},"modified":"2026-04-20T14:47:41","modified_gmt":"2026-04-20T14:47:41","slug":"reha","status":"publish","type":"page","link":"https:\/\/ace-shop.com\/de\/waarom-ligfietsen\/reha\/","title":{"rendered":"Revalidation"},"content":{"rendered":"<div class=\"wpb-content-wrapper\"><p>[vc_row][vc_column][vc_column_text text_larger=&#8220;no&#8220;]<\/p>\n<h4 class=\"reverse\">Warum Liegerad fahren?<\/h4>\n<p>[\/vc_column_text][\/vc_column][\/vc_row][vc_row mobile_bg_img_hidden=&#8220;no&#8220; tablet_bg_img_hidden=&#8220;no&#8220; woodmart_parallax=&#8220;0&#8243; woodmart_gradient_switch=&#8220;no&#8220; row_reverse_mobile=&#8220;0&#8243; row_reverse_tablet=&#8220;0&#8243; woodmart_disable_overflow=&#8220;0&#8243;][vc_column width=&#8220;1\/2&#8243; mobile_bg_img_hidden=&#8220;no&#8220; tablet_bg_img_hidden=&#8220;no&#8220; woodmart_parallax=&#8220;0&#8243; woodmart_sticky_column=&#8220;false&#8220; parallax_scroll=&#8220;no&#8220; mobile_reset_margin=&#8220;no&#8220; tablet_reset_margin=&#8220;no&#8220;][vc_column_text text_larger=&#8220;no&#8220;]<\/p>\n<h2>Revalidation<\/h2>\n<p>Radfahren gibt Ihnen die Freiheit hinauszugehen. Ausserdem ist es gesund und es bringt Sie an die frische Luft.<\/p>\n<p>Leider kann es viele Gr\u00fcnde geben, warum Radfahren schwieriger ist oder nicht mehr geht. Lieger\u00e4der bieten jedoch oft eine L\u00f6sung.<\/p>\n<p>&nbsp;<\/p>\n<p><img loading=\"lazy\" decoding=\"async\" class=\"alignnone size-large wp-image-536\" src=\"https:\/\/ace-shop.com\/wp-content\/uploads\/2019\/10\/image037-ace-1024x720.jpg\" alt=\"\" width=\"1024\" height=\"720\" srcset=\"https:\/\/ace-shop.com\/wp-content\/uploads\/2019\/10\/image037-ace-1024x720.jpg 1024w, https:\/\/ace-shop.com\/wp-content\/uploads\/2019\/10\/image037-ace-150x106.avif 150w, https:\/\/ace-shop.com\/wp-content\/uploads\/2019\/10\/image037-ace-300x211.jpg 300w, https:\/\/ace-shop.com\/wp-content\/uploads\/2019\/10\/image037-ace-768x540.jpg 768w, https:\/\/ace-shop.com\/wp-content\/uploads\/2019\/10\/image037-ace.avif 1200w\" sizes=\"auto, (max-width: 1024px) 100vw, 1024px\" \/>[\/vc_column_text][\/vc_column][vc_column width=&#8220;1\/2&#8243; mobile_bg_img_hidden=&#8220;no&#8220; tablet_bg_img_hidden=&#8220;no&#8220; woodmart_parallax=&#8220;0&#8243; woodmart_sticky_column=&#8220;false&#8220; parallax_scroll=&#8220;no&#8220; mobile_reset_margin=&#8220;no&#8220; tablet_reset_margin=&#8220;no&#8220;][\/vc_column][\/vc_row][vc_row equal_height=&#8220;yes&#8220; content_placement=&#8220;top&#8220; mobile_bg_img_hidden=&#8220;no&#8220; tablet_bg_img_hidden=&#8220;no&#8220; woodmart_parallax=&#8220;0&#8243; woodmart_gradient_switch=&#8220;no&#8220; row_reverse_mobile=&#8220;0&#8243; row_reverse_tablet=&#8220;0&#8243; woodmart_disable_overflow=&#8220;0&#8243; css=&#8220;.vc_custom_1571561697136{margin-bottom: 2vh !important;}&#8220;][vc_column width=&#8220;1\/2&#8243; css=&#8220;.vc_custom_1570838656767{margin-bottom: 35px !important;}&#8220; mobile_bg_img_hidden=&#8220;no&#8220; tablet_bg_img_hidden=&#8220;no&#8220; woodmart_parallax=&#8220;0&#8243; woodmart_sticky_column=&#8220;false&#8220; parallax_scroll=&#8220;no&#8220; mobile_reset_margin=&#8220;no&#8220; tablet_reset_margin=&#8220;no&#8220;][vc_column_text css=&#8220;.vc_custom_1594908490896{margin-bottom: 20px !important;}&#8220; text_larger=&#8220;no&#8220;]<\/p>\n<h3>Der Sitz eines Liegerads.<\/h3>\n<p>Ein Liegesitz ist nat\u00fcrlich viel bequemer als ein Sattel. Mit einem Hardshell-Sitz haben Sie zus\u00e4tzlichen Halt. Sehr n\u00fctzlich zum Beispiel bei R\u00fcckenproblemen. Zum Beispiel haben Liegen und ein gr\u00f6\u00dferer Sitz Frauen mit Beckeninstabilit\u00e4t oft geholfen.<\/p>\n<p>&nbsp;<\/p>\n<p>Wenn Sie sich zur\u00fccklehnen, werden die Arme nicht gestresst. Dies ist ein gro\u00dfer Vorteil, wenn Sie an Schultern, Ellbogen oder Handgelenken leiden.<\/p>\n<p>Da Sie gut unterst\u00fctzt und entspannt sitzen k\u00f6nnen, haben Sie mehr Kraft zum Radfahren. M\u00f6glicherweise von einem Elektromotor unterst\u00fctzt, k\u00f6nnen Sie immer noch sch\u00f6ne Ausfl\u00fcge machen und m\u00fcssen Sie nicht l\u00e4nger zu Hause bleiben wegen Kraft- oder Energieverlust.<\/p>\n<p>[\/vc_column_text][\/vc_column][vc_column width=&#8220;1\/4&#8243; mobile_bg_img_hidden=&#8220;no&#8220; tablet_bg_img_hidden=&#8220;no&#8220; woodmart_parallax=&#8220;0&#8243; woodmart_sticky_column=&#8220;false&#8220; parallax_scroll=&#8220;no&#8220; mobile_reset_margin=&#8220;no&#8220; tablet_reset_margin=&#8220;no&#8220; offset=&#8220;vc_col-xs-6&#8243;][vc_single_image image=&#8220;991&#8243; img_size=&#8220;large&#8220; add_caption=&#8220;yes&#8220; css=&#8220;.vc_custom_1571559515150{margin-bottom: 0px !important;}&#8220; parallax_scroll=&#8220;no&#8220;][\/vc_column][vc_column width=&#8220;1\/4&#8243; offset=&#8220;vc_col-xs-6&#8243; mobile_bg_img_hidden=&#8220;no&#8220; tablet_bg_img_hidden=&#8220;no&#8220; woodmart_parallax=&#8220;0&#8243; woodmart_sticky_column=&#8220;false&#8220; parallax_scroll=&#8220;no&#8220; mobile_reset_margin=&#8220;no&#8220; tablet_reset_margin=&#8220;no&#8220;][vc_single_image image=&#8220;993&#8243; img_size=&#8220;large&#8220; add_caption=&#8220;yes&#8220; css=&#8220;.vc_custom_1571559445005{margin-bottom: 0px !important;}&#8220; parallax_scroll=&#8220;no&#8220;][\/vc_column][\/vc_row][vc_row equal_height=&#8220;yes&#8220; content_placement=&#8220;top&#8220; mobile_bg_img_hidden=&#8220;no&#8220; tablet_bg_img_hidden=&#8220;no&#8220; woodmart_parallax=&#8220;0&#8243; woodmart_gradient_switch=&#8220;no&#8220; row_reverse_mobile=&#8220;0&#8243; row_reverse_tablet=&#8220;0&#8243; woodmart_disable_overflow=&#8220;0&#8243; css=&#8220;.vc_custom_1571561735139{margin-bottom: 2vh !important;}&#8220;][vc_column width=&#8220;1\/2&#8243; css=&#8220;.vc_custom_1570838656767{margin-bottom: 35px !important;}&#8220; mobile_bg_img_hidden=&#8220;no&#8220; tablet_bg_img_hidden=&#8220;no&#8220; woodmart_parallax=&#8220;0&#8243; woodmart_sticky_column=&#8220;false&#8220; parallax_scroll=&#8220;no&#8220; mobile_reset_margin=&#8220;no&#8220; tablet_reset_margin=&#8220;no&#8220;][vc_column_text css=&#8220;.vc_custom_1595151671139{margin-bottom: 20px !important;}&#8220; text_larger=&#8220;no&#8220;]<strong>Die Stabilit\u00e4t eines Trikes<\/strong> sorgt daf\u00fcr, dass Sie sich keine Sorgen mehr \u00fcber St\u00fcrze machen m\u00fcssen. Jetzt, da wir h\u00e4ufiger h\u00f6ren, da\u03b2 \u00e4ltere Menschen die sich f\u00fcr ein E-Bike entscheiden manchmal fallen, ist es m\u00f6glicherweise ratsam \u00a0ein elektrisch unterst\u00fctztes Trike zu probieren bevor Sie fallen und verletzt werden.<\/p>\n<p>Diese Stabilit\u00e4t bietet auch M\u00f6glichkeiten f\u00fcr Menschen, die mit Gliedma\u00dfenversagen zu k\u00e4mpfen haben.<\/p>\n<p><img loading=\"lazy\" decoding=\"async\" class=\"alignright size-full wp-image-523\" src=\"https:\/\/ace-shop.com\/wp-content\/uploads\/2017\/06\/image043-ace.jpg\" alt=\"\" width=\"400\" height=\"333\" \/><\/p>\n<h4>Spezielle Anpassungen<\/h4>\n<p>Es gibt allerhand Arten von <strong>Spezialpedalen<\/strong>, die Unterst\u00fctzung bieten.<\/p>\n<p>Dar\u00fcber hinaus ist eine ganze Reihe von Anpassungen m\u00f6glich. Denken Sie an Einhandbedienung, Kopfst\u00fctze, Armlehne, Kn\u00fcppelhalter, sogar Lenkung mit den Schultern oder Handantrieb ist m\u00f6glich.<\/p>\n<p>Ein komfortables <strong>Tandem<\/strong> oder ein Duo-Bike (gem\u00fctlich nebeneinander) kann ein Verlust des Sehverm\u00f6gens ausgleichen und sicheres Radfahren wieder erm\u00f6glichen. Ein Trike als Anh\u00e4ngerfahrrad kann hier auch eine L\u00f6sung sein.<\/p>\n<p>Sowohl Hase, Van Raam als auch HP Velotechnik bieten ein umfangreiches Anpassungsprogramm f\u00fcrs Fahrrad.<\/p>\n<p>Bevor er als Mitarbeiter in den Laden kam, war Martijn <strong>Physiotherapeut<\/strong> und er kann Ihnen ausgezeichnete Ratschl\u00e4ge geben.<\/p>\n<p>Mark ist auch Fahrradbauer. Wenn n\u00f6tig kann er also in der Werkstatt <strong>Sonderteile<\/strong> herstellen.<\/p>\n<p>Liegeradfahren erfordert schon eine offene Haltung einem Fahrrad gegen\u00fcber, das sich von den \u00fcblichen unterscheidet. Ein Liegefahrrad wird jedoch weniger schnell als \u201aBehindertenfahrrad\u2019 empfunden als ein Dreirad mit aufrechtem Sitz. Ein Liegefahrrad selber ausprobieren ist oft ein Augen\u00f6ffner und macht diese L\u00f6sung durchaus akzeptabel. Wir bieten daher auch die M\u00f6glichkeit zum Testsitzen und Testfahren.<\/p>\n<p>Und wenn Sie einen Roller in Betracht ziehen, sollten Sie auch ein elektrisch unterst\u00fctztes Trike erw\u00e4gen. Beide bieten die M\u00f6glichkeit nach drau\u03b2en zu gehen, aber nur das Trike bietet die M\u00f6glichkeit einer Aktivit\u00e4t, die so gut f\u00fcr K\u00f6rper und Geist ist.<\/p>\n<p>&nbsp;<\/p>\n<p>Wir h\u00f6ren regelm\u00e4\u00dfig:<\/p>\n<p>&#8222;Wie sch\u00f6n, dass ich selbst wieder ausgehen kann.&#8220;<\/p>\n<p>Oder<\/p>\n<p>&#8222;Ich h\u00e4tte das fr\u00fcher wissen sollen&#8220;<\/p>\n<p>Und dann sehen wir ein breites L\u00e4cheln.<\/p>\n<p>[\/vc_column_text][\/vc_column][vc_column width=&#8220;1\/2&#8243; mobile_bg_img_hidden=&#8220;no&#8220; tablet_bg_img_hidden=&#8220;no&#8220; woodmart_parallax=&#8220;0&#8243; woodmart_sticky_column=&#8220;false&#8220; parallax_scroll=&#8220;no&#8220; mobile_reset_margin=&#8220;no&#8220; tablet_reset_margin=&#8220;no&#8220;][vc_single_image image=&#8220;989&#8243; img_size=&#8220;large&#8220; add_caption=&#8220;yes&#8220; css=&#8220;.vc_custom_1571559723731{margin-bottom: 0px !important;}&#8220; parallax_scroll=&#8220;no&#8220;][\/vc_column][\/vc_row][vc_row equal_height=&#8220;yes&#8220; content_placement=&#8220;top&#8220; mobile_bg_img_hidden=&#8220;no&#8220; tablet_bg_img_hidden=&#8220;no&#8220; woodmart_parallax=&#8220;0&#8243; woodmart_gradient_switch=&#8220;no&#8220; row_reverse_mobile=&#8220;0&#8243; row_reverse_tablet=&#8220;0&#8243; woodmart_disable_overflow=&#8220;0&#8243;][vc_column width=&#8220;1\/2&#8243; css=&#8220;.vc_custom_1570838656767{margin-bottom: 35px !important;}&#8220; mobile_bg_img_hidden=&#8220;no&#8220; tablet_bg_img_hidden=&#8220;no&#8220; woodmart_parallax=&#8220;0&#8243; woodmart_sticky_column=&#8220;false&#8220; parallax_scroll=&#8220;no&#8220; mobile_reset_margin=&#8220;no&#8220; tablet_reset_margin=&#8220;no&#8220;][vc_column_text css=&#8220;.vc_custom_1674137475892{margin-bottom: 20px !important;}&#8220; text_larger=&#8220;no&#8220; woodmart_inline=&#8220;no&#8220;]<\/p>\n<h3><strong>Kinder<\/strong><\/h3>\n<p>Es gibt auch coole Lieger\u00e4der, mit denen Kinder (wieder) ausgehen k\u00f6nnen.<\/p>\n<p>Kinder, die kaum alleine gehen k\u00f6nnen, sp\u00fcren den Wind in ihren Haaren, das Kitzeln im Magen beim Beschleunigen. Spa\u00df, Stolz und Selbstvertrauen durch (Selbst-) Radfahren.<\/p>\n<p>Diese Dreir\u00e4der haben einen niedrigen Schwerpunkt, so dass man ohne wackeln einsteigen und losfahren kann. Und sie sehen auch cool aus.<\/p>\n<p>Mit benutzerdefinierten Pedalen, Haken und Riemen sowie Wadenst\u00fctzen, falls gew\u00fcnscht, um die Beine zu st\u00fctzen. Sicherheitsgurte, damit man nicht herausf\u00e4llt.<\/p>\n<p>Wie der HP Gekko FXS<\/p>\n<p>Mit zwei R\u00e4dern vorne, damit Sie sehen k\u00f6nnen, ob Sie irgendwo passieren k\u00f6nnen. F\u00fcr Kinder von 1,15 bis 1,80 Meter gro\u03b2. Das Herauswachsen wird also nicht so schnell geschehen.<\/p>\n<p><img loading=\"lazy\" decoding=\"async\" class=\"alignnone wp-image-540 size-full\" src=\"https:\/\/ace-shop.com\/wp-content\/uploads\/2019\/10\/image047-ace.jpg\" alt=\"\" width=\"580\" height=\"387\" \/><\/p>\n<h4>Oder die Hase Trix<\/h4>\n<p>Mit zwei abgeschirmten Hinterr\u00e4dern. Diese ergeben einen kleinen Wendekreis. Ein weiterer Vorteil ist ein einfacher Einstieg.<\/p>\n<p>Mit hochwertigen Scheibenbremsen, speziellen Kinderbremshebeln und vielen anderen Optionen wie hydraulischer R\u00fccktrittbremse und Einhandbedienung.<\/p>\n<p>F\u00fcr Kinder von 1,25 bis 1,90 Meter, da w\u00e4chst man nicht schnell heraus!<\/p>\n<p><img loading=\"lazy\" decoding=\"async\" class=\"alignnone wp-image-539 size-full\" src=\"https:\/\/ace-shop.com\/wp-content\/uploads\/2019\/10\/image049-ace-2.jpg\" alt=\"\" width=\"1000\" height=\"440\" \/><\/p>\n<h4>und die Hase Trets.<\/h4>\n<p>Hier k\u00f6nnen Kinder selbst\u00e4ndig Fahrrad fahren, es steht aber auch eine Schubstange mit Bremse zur Verf\u00fcgung, damit Sie als Eltern bei Bedarf die Kontrolle behalten k\u00f6nnen. Und Sie k\u00f6nnen es als Anh\u00e4nger hinter Ihr Fahrrad h\u00e4ngen.<\/p>\n<p>F\u00fcr Kinder von 1,00 bis 1,50 m<\/p>\n<p>Hase trets<a href=\"https:\/\/ace-shop.com\/wp-content\/uploads\/2020\/10\/hase-trets-2020-.jpg\"><img loading=\"lazy\" decoding=\"async\" class=\"alignnone wp-image-2592 size-full\" src=\"https:\/\/ace-shop.com\/wp-content\/uploads\/2020\/10\/hase-trets-2020-.jpg\" alt=\"\" width=\"1000\" height=\"440\" \/><\/a><\/p>\n<div class=\"mceTemp\"><\/div>\n<p>[\/vc_column_text][\/vc_column][\/vc_row]<\/p>\n<\/div>","protected":false},"excerpt":{"rendered":"<p>[vc_row][vc_column][vc_column_text text_larger=&#8220;no&#8220;] Warum Liegerad fahren? [\/vc_column_text][\/vc_column][\/vc_row][vc_row mobile_bg_img_hidden=&#8220;no&#8220; tablet_bg_img_hidden=&#8220;no&#8220; woodmart_parallax=&#8220;0&#8243; woodmart_gradient_switch=&#8220;no&#8220; row_reverse_mobile=&#8220;0&#8243; row_reverse_tablet=&#8220;0&#8243; woodmart_disable_overflow=&#8220;0&#8243;][vc_column width=&#8220;1\/2&#8243; mobile_bg_img_hidden=&#8220;no&#8220; tablet_bg_img_hidden=&#8220;no&#8220; woodmart_parallax=&#8220;0&#8243; woodmart_sticky_column=&#8220;false&#8220; parallax_scroll=&#8220;no&#8220; mobile_reset_margin=&#8220;no&#8220;<\/p>\n","protected":false},"author":1,"featured_media":0,"parent":1139,"menu_order":0,"comment_status":"closed","ping_status":"closed","template":"","meta":{"_acf_changed":false,"_lmt_disableupdate":"no","_lmt_disable":"","footnotes":""},"class_list":["post-1161","page","type-page","status-publish","hentry"],"acf":[],"_links":{"self":[{"href":"https:\/\/ace-shop.com\/de\/wp-json\/wp\/v2\/pages\/1161","targetHints":{"allow":["GET"]}}],"collection":[{"href":"https:\/\/ace-shop.com\/de\/wp-json\/wp\/v2\/pages"}],"about":[{"href":"https:\/\/ace-shop.com\/de\/wp-json\/wp\/v2\/types\/page"}],"author":[{"embeddable":true,"href":"https:\/\/ace-shop.com\/de\/wp-json\/wp\/v2\/users\/1"}],"replies":[{"embeddable":true,"href":"https:\/\/ace-shop.com\/de\/wp-json\/wp\/v2\/comments?post=1161"}],"version-history":[{"count":1,"href":"https:\/\/ace-shop.com\/de\/wp-json\/wp\/v2\/pages\/1161\/revisions"}],"predecessor-version":[{"id":7322,"href":"https:\/\/ace-shop.com\/de\/wp-json\/wp\/v2\/pages\/1161\/revisions\/7322"}],"up":[{"embeddable":true,"href":"https:\/\/ace-shop.com\/de\/wp-json\/wp\/v2\/pages\/1139"}],"wp:attachment":[{"href":"https:\/\/ace-shop.com\/de\/wp-json\/wp\/v2\/media?parent=1161"}],"curies":[{"name":"wp","href":"https:\/\/api.w.org\/{rel}","templated":true}]}}