{"id":1157,"date":"2019-10-20T09:18:02","date_gmt":"2019-10-20T09:18:02","guid":{"rendered":"https:\/\/ace-shop.com\/welke-ligfiets\/hoe-kies-ik-mijn-ligfiets\/"},"modified":"2026-04-22T23:46:12","modified_gmt":"2026-04-22T23:46:12","slug":"welches-liegerad-passt-zu-mir","status":"publish","type":"page","link":"https:\/\/ace-shop.com\/de\/welches-liegerad\/welches-liegerad-passt-zu-mir\/","title":{"rendered":"Welches Liegerad passt zu mir?"},"content":{"rendered":"<div class=\"wpb-content-wrapper\"><p>[vc_row][vc_column][vc_column_text text_larger=&#8220;no&#8220;]<\/p>\n<h4 class=\"reverse\"><strong>Welches Liegerad passt zu mir?<\/strong><\/h4>\n<p>[\/vc_column_text][\/vc_column][\/vc_row][vc_row equal_height=&#8220;yes&#8220; content_placement=&#8220;top&#8220; mobile_bg_img_hidden=&#8220;no&#8220; tablet_bg_img_hidden=&#8220;no&#8220; woodmart_parallax=&#8220;0&#8243; woodmart_gradient_switch=&#8220;no&#8220; row_reverse_mobile=&#8220;0&#8243; row_reverse_tablet=&#8220;0&#8243; woodmart_disable_overflow=&#8220;0&#8243;][vc_column width=&#8220;1\/2&#8243; css=&#8220;.vc_custom_1570838656767{margin-bottom: 35px !important;}&#8220; mobile_bg_img_hidden=&#8220;no&#8220; tablet_bg_img_hidden=&#8220;no&#8220; woodmart_parallax=&#8220;0&#8243; woodmart_sticky_column=&#8220;false&#8220; parallax_scroll=&#8220;no&#8220; mobile_reset_margin=&#8220;no&#8220; tablet_reset_margin=&#8220;no&#8220;][vc_column_text css=&#8220;.vc_custom_1760610958302{margin-bottom: 20px !important;}&#8220; text_larger=&#8220;no&#8220; woodmart_inline=&#8220;no&#8220;]<\/p>\n<p id=\"tw-target-text\" class=\"tw-data-text tw-text-large XcVN5d tw-ta\" dir=\"ltr\" data-placeholder=\"Vertaling\"><span lang=\"de\">Dies h\u00e4ngt unter anderem von Ihrem Verwendungszweck ab. Dies ist vergleichbar mit &#8222;normalen&#8220; Fahrr\u00e4dern.<\/span> Es ist hilfreich, dar\u00fcber nachzudenken. Du kannst dir schon \u00fcberlegen, welches Bike deiner Meinung nach zu dir passt. Dann ist es Zeit f\u00fcr einen Termin bei uns. Hier werden Sie ausf\u00fchrlich beraten und k\u00f6nnen eine Reihe von Modellen ausprobieren, die wir im Laden haben. Es ist auch m\u00f6glich, f\u00fcr einen Tag oder l\u00e4nger zu mieten, um zu sehen, ob es Ihnen noch gef\u00e4llt.<\/p>\n<p class=\"tw-data-text tw-text-large XcVN5d tw-ta\" dir=\"ltr\" data-placeholder=\"Vertaling\"><span lang=\"de\">Ich habe hier die geeigneten Liegemodelle f\u00fcr eine Reihe bekannter Benutzergruppen vorgeschlagen:<\/span><\/p>\n<h4><strong>Freizeitfahrrad<\/strong><\/h4>\n<p>Dann ist Komfort das Wichtigste, sch\u00f6n Touren und das f\u00fcr kurze oder sehr lange Fahrten. Es gibt sicherlich Raum f\u00fcr Gep\u00e4ck.<\/p>\n<p>Beispiele mit 2 R\u00e4dern: HP Streetmachine<\/p>\n<p>Beispiele mit 3 R\u00e4dern: ICE Adventure, HP Scorpion FX<\/p>\n<p><strong>\u00a0<\/strong><\/p>\n<h4><strong>Pendelfahrrad<\/strong><\/h4>\n<p>Geschwindigkeit ist wichtig, das Fahrrad soll aber auch praktisch sein. Der Sitz soll also niedrig sein, aber nicht zu niedrig. Kotfl\u00fcgel und ein Tr\u00e4ger geh\u00f6ren dazu.<\/p>\n<p>Beispiele mit 2 R\u00e4dern: HP Speedmachine,<\/p>\n<p>Beispiele mit 3 R\u00e4dern: ICE Sprint, HP Scorpion und Scorpion FS,<\/p>\n<p>Faltbar sind der HP Grasshopper und die meisten Trikes.<\/p>\n<h4><strong>Rennrad<\/strong><\/h4>\n<p>Geschwindigkeit ist das Ziel<\/p>\n<p>Beispiele mit 2 R\u00e4dern: HP Speedmachine<\/p>\n<p>Beispiele mit 3 R\u00e4dern: ICE VTX,<\/p>\n<h4><\/h4>\n<h4><strong>Rehabilitation<\/strong><\/h4>\n<p><strong>Stabilit\u00e4t<\/strong>; all unsere Liegedreir\u00e4der sind stabil.<\/p>\n<p><strong>Einfaches Ein- und Aussteigen<\/strong>; Das gilt nicht nur f\u00fcr die h\u00f6heren Fahrr\u00e4der mit 3 R\u00e4dern wie z.B.\u00a0 HaseKettwiesel und Lepus, sondern auch f\u00fcr HP Scorpion plus. Oder f\u00fcr das ICE Adventure HD Fahrrad mit Sitzerh\u00f6hung. Bei Modell Hase mit 2 R\u00e4dern hinten geht das Einsteigen meist am einfachsten.<\/p>\n<p>Wenn <strong>Anpassungen<\/strong> an den Pedalen, der Einhandbedienung usw. erforderlich sind, kann dies mit jeder Marke durchgef\u00fchrt werden, aber Hase und HP besch\u00e4ftigen sich am meisten damit. Wir denken gemeinsam mit Ihnen dar\u00fcber nach, was notwendig oder n\u00fctzlich ist.<\/p>\n<p><strong>\u00a0<\/strong><\/p>\n<p><strong>\u00a0<\/strong><\/p>\n<h4><strong>E-Bikes<\/strong><\/h4>\n<p>Alle Fahrr\u00e4der k\u00f6nnen mit einem Elektromotor ausgestattet werden. Die Hersteller HP, Hase und ICE bieten einen Shimano Steps Motor an. HP bietet auch einen Neodrives Hinterradmotor an. Es gibt Firmen, die einen Vorder- oder Hinterradmotor f\u00fcr Sie montieren k\u00f6nnen. Damit haben wir jedoch aufgeh\u00f6rt.<\/p>\n<h4><strong>Offroad<\/strong><\/h4>\n<p>Zweirad-Lieger\u00e4der haben ziemlich viel Druck auf das Vorderrad und fahren daher in lockerem Gel\u00e4nde weniger gut. Sobald sich das Vorderrad eingegraben hat, ist es fast unm\u00f6glich das Fahrrad aufrecht zu halten.<\/p>\n<p>Aber mit 3 R\u00e4dern ist es eine andere Geschichte. Wenn der Weg breit genug ist, k\u00f6nnen Sie auch sportlich fahren.<\/p>\n<p>Beispiele mit 3 R\u00e4dern: HpScorpion FS Enduro und HaseKettwiesel Cross und nat\u00fcrlich das ICE Full Fat und das AZUB Fat.<\/p>\n<p>Beachten Sie jedoch, dass Ihr Gewicht auf drei R\u00e4der verteilt wird. Dadurch kann ein Rad bergauf leichter durchdrehen.<\/p>\n<p>&nbsp;<\/p>\n<p><em>Beispiele werden aus den von uns verkauften Modellen ausgew\u00e4hlt und schlie\u00dfen nicht aus, dass auch andere sehr gut geeignet sind.<\/em>[\/vc_column_text][\/vc_column][vc_column width=&#8220;1\/2&#8243; mobile_bg_img_hidden=&#8220;no&#8220; tablet_bg_img_hidden=&#8220;no&#8220; woodmart_parallax=&#8220;0&#8243; woodmart_sticky_column=&#8220;false&#8220; parallax_scroll=&#8220;no&#8220; mobile_reset_margin=&#8220;no&#8220; tablet_reset_margin=&#8220;no&#8220;][vc_column_text css=&#8220;.vc_custom_1595160718420{border-top-width: 1px !important;border-right-width: 1px !important;border-bottom-width: 1px !important;border-left-width: 1px !important;padding-top: 15px !important;padding-right: 15px !important;padding-bottom: 15px !important;padding-left: 15px !important;background-color: #e6e6e6 !important;border-left-color: #848484 !important;border-left-style: initial !important;border-right-color: #848484 !important;border-right-style: initial !important;border-top-color: #848484 !important;border-top-style: initial !important;border-bottom-color: #848484 !important;border-bottom-style: initial !important;}&#8220; text_larger=&#8220;no&#8220;]<\/p>\n<h3><strong>Kommen Sie vorbei f\u00fcr eine Beratung<\/strong><\/h3>\n<p>In einem Beratungsgespr\u00e4ch stellen wir unter anderem folgende Fragen, um das f\u00fcr Sie am besten geeignete Fahrrad zu finden:<\/p>\n<ul>\n<li>Denken Sie an ein Fahrrad mit zwei oder drei R\u00e4dern?<\/li>\n<li>Wie viele km fahren Sie pro Fahrt?<\/li>\n<li>Fahren Sie nur bei gutem Wetter oder das ganze Jahr \u00fcber?<\/li>\n<li>Ist Geschwindigkeit wichtig oder bevorzugen Sie Komfort?<\/li>\n<li>Wo fahren Sie Fahrrad? Gehen Sie in die H\u00fcgel oder in die Berge?<\/li>\n<li>Ist einfaches Einsteigen wichtig f\u00fcr Sie?<\/li>\n<li>Finden Sie es wichtig, viel Gep\u00e4ck mitnehmen zu k\u00f6nnen?<\/li>\n<li>M\u00f6chten Sie auch Elektrounterst\u00fctzung?<\/li>\n<li>Haben Sie Zeit f\u00fcr eine Probefahrt?<\/li>\n<\/ul>\n<p>[\/vc_column_text][vc_single_image image=&#8220;1055&#8243; img_size=&#8220;large&#8220; parallax_scroll=&#8220;no&#8220;][\/vc_column][\/vc_row]<\/p>\n<\/div>","protected":false},"excerpt":{"rendered":"<p>[vc_row][vc_column][vc_column_text text_larger=&#8220;no&#8220;] Welches Liegerad passt zu mir? [\/vc_column_text][\/vc_column][\/vc_row][vc_row equal_height=&#8220;yes&#8220; content_placement=&#8220;top&#8220; mobile_bg_img_hidden=&#8220;no&#8220; tablet_bg_img_hidden=&#8220;no&#8220; woodmart_parallax=&#8220;0&#8243; woodmart_gradient_switch=&#8220;no&#8220; row_reverse_mobile=&#8220;0&#8243; row_reverse_tablet=&#8220;0&#8243; woodmart_disable_overflow=&#8220;0&#8243;][vc_column width=&#8220;1\/2&#8243; css=&#8220;.vc_custom_1570838656767{margin-bottom: 35px<\/p>\n","protected":false},"author":1,"featured_media":0,"parent":1137,"menu_order":0,"comment_status":"closed","ping_status":"closed","template":"","meta":{"_acf_changed":false,"_lmt_disableupdate":"no","_lmt_disable":"","footnotes":""},"class_list":["post-1157","page","type-page","status-publish","hentry"],"acf":[],"_links":{"self":[{"href":"https:\/\/ace-shop.com\/de\/wp-json\/wp\/v2\/pages\/1157","targetHints":{"allow":["GET"]}}],"collection":[{"href":"https:\/\/ace-shop.com\/de\/wp-json\/wp\/v2\/pages"}],"about":[{"href":"https:\/\/ace-shop.com\/de\/wp-json\/wp\/v2\/types\/page"}],"author":[{"embeddable":true,"href":"https:\/\/ace-shop.com\/de\/wp-json\/wp\/v2\/users\/1"}],"replies":[{"embeddable":true,"href":"https:\/\/ace-shop.com\/de\/wp-json\/wp\/v2\/comments?post=1157"}],"version-history":[{"count":3,"href":"https:\/\/ace-shop.com\/de\/wp-json\/wp\/v2\/pages\/1157\/revisions"}],"predecessor-version":[{"id":7022,"href":"https:\/\/ace-shop.com\/de\/wp-json\/wp\/v2\/pages\/1157\/revisions\/7022"}],"up":[{"embeddable":true,"href":"https:\/\/ace-shop.com\/de\/wp-json\/wp\/v2\/pages\/1137"}],"wp:attachment":[{"href":"https:\/\/ace-shop.com\/de\/wp-json\/wp\/v2\/media?parent=1157"}],"curies":[{"name":"wp","href":"https:\/\/api.w.org\/{rel}","templated":true}]}}