{"id":1154,"date":"2019-10-29T10:31:54","date_gmt":"2019-10-29T10:31:54","guid":{"rendered":"https:\/\/ace-shop.com\/welke-ligfiets\/een-ligfiets-uitproberen\/"},"modified":"2026-03-29T15:14:51","modified_gmt":"2026-03-29T15:14:51","slug":"ein-liegerad-ausprobieren","status":"publish","type":"page","link":"https:\/\/ace-shop.com\/de\/welches-liegerad\/ein-liegerad-ausprobieren\/","title":{"rendered":"Ein Liegerad ausprobieren"},"content":{"rendered":"<div class=\"wpb-content-wrapper\"><p>[vc_row][vc_column][vc_column_text css=&#8220;&#8220; text_larger=&#8220;no&#8220; woodmart_inline=&#8220;no&#8220;]<\/p>\n<h4 class=\"reverse\">Welches Liegerad?<\/h4>\n<p>[\/vc_column_text][\/vc_column][\/vc_row][vc_row equal_height=&#8220;yes&#8220; content_placement=&#8220;top&#8220; mobile_bg_img_hidden=&#8220;no&#8220; tablet_bg_img_hidden=&#8220;no&#8220; woodmart_parallax=&#8220;0&#8243; woodmart_gradient_switch=&#8220;no&#8220; row_reverse_mobile=&#8220;0&#8243; row_reverse_tablet=&#8220;0&#8243; woodmart_disable_overflow=&#8220;0&#8243;][vc_column width=&#8220;1\/2&#8243; css=&#8220;.vc_custom_1570838656767{margin-bottom: 35px !important;}&#8220; mobile_bg_img_hidden=&#8220;no&#8220; tablet_bg_img_hidden=&#8220;no&#8220; woodmart_parallax=&#8220;0&#8243; woodmart_sticky_column=&#8220;false&#8220; parallax_scroll=&#8220;no&#8220; mobile_reset_margin=&#8220;no&#8220; tablet_reset_margin=&#8220;no&#8220;][vc_column_text css=&#8220;.vc_custom_1760607860358{margin-bottom: 20px !important;}&#8220; text_larger=&#8220;no&#8220; woodmart_inline=&#8220;no&#8220;]Um eine gute Wahl zu treffen, ist es wichtig, das Fahrrad auszuprobieren. Sie k\u00f6nnen noch so viel lesen, aber was zu Ihnen passt, erfahren Sie am besten, indem Sie eine Probefahrt machen.<\/p>\n<p>Alle Fahrr\u00e4der im Laden k\u00f6nnen getestet werden, wenn Sie einen Kauf in Betracht ziehen.<\/p>\n<h4>Bitte beachten Sie: Wir vermieten keine Fahrr\u00e4der f\u00fcr Freizeitausfl\u00fcge oder Urlaubsreisen.<\/h4>\n<p>Bringen Sie Ihren F\u00fchrerschein oder Personalausweis mit. Wir empfehlen Ihnen, einen Termin zu vereinbaren, damit wir uns Zeit f\u00fcr Sie nehmen k\u00f6nnen.<\/p>\n<p>Wenn Sie bereits wissen, welches Fahrrad Sie ausprobieren m\u00f6chten, teilen Sie uns dies bitte im Voraus mit, damit es nicht gerade von jemand anderem getestet wird. Es besteht jedoch die M\u00f6glichkeit, dass es bis dahin verkauft wird.<\/p>\n<h2>Eine kurze Probefahrt<\/h2>\n<p>(10 Minuten), bei der wir nicht zu viel daran herumschrauben m\u00fcssen, ist kostenlos.<\/p>\n<h2>Eine l\u00e4ngere Probefahrt<\/h2>\n<p>Wenn Sie ein Fahrrad l\u00e4nger ausprobieren m\u00f6chten, ist das auch m\u00f6glich:<\/p>\n<p>Das Ausprobieren kostet zwischen einer halben Stunde und einem Tag:<\/p>\n<div class=\"tableflex\">\n<div class=\"tableflexleft\">Trike und Zweirad ohne Elektroantrieb<br \/>\nTrike und Zweirad MIT Elektroantrieb<\/div>\n<div class=\"tableflexright\">\u20ac45<br \/>\n\u20ac70<\/div>\n<\/div>\n<p>Das Fahrrad wird vom Gesch\u00e4ft aus \u00fcbergeben. Bitte transportieren Sie es nicht selbst an einen anderen Ort.<\/p>\n<p>ACE beh\u00e4lt sich das Recht vor, bestimmte Fahrr\u00e4der nicht zur Verf\u00fcgung zu stellen. Ein Fahrrad muss f\u00fcr die Gr\u00f6\u00dfe und das Gewicht des Mieters geeignet sein. Oder es muss ohne S\u00e4gen\/Schneiden o. \u00c4. angepasst werden k\u00f6nnen.<\/p>\n<h4><a href=\"https:\/\/ace-shop.com\/wp-content\/uploads\/2020\/10\/uitproberen-kaart.jpg\"><img loading=\"lazy\" decoding=\"async\" class=\"size-medium wp-image-2645 aligncenter\" src=\"https:\/\/ace-shop.com\/wp-content\/uploads\/2020\/10\/uitproberen-kaart-225x300.jpg\" alt=\"\" width=\"225\" height=\"300\" srcset=\"https:\/\/ace-shop.com\/wp-content\/uploads\/2020\/10\/uitproberen-kaart-225x300.jpg 225w, https:\/\/ace-shop.com\/wp-content\/uploads\/2020\/10\/uitproberen-kaart-150x200.avif 150w, https:\/\/ace-shop.com\/wp-content\/uploads\/2020\/10\/uitproberen-kaart-768x1024.jpg 768w, https:\/\/ace-shop.com\/wp-content\/uploads\/2020\/10\/uitproberen-kaart-1152x1536.jpg 1152w, https:\/\/ace-shop.com\/wp-content\/uploads\/2020\/10\/uitproberen-kaart.avif 1200w\" sizes=\"auto, (max-width: 225px) 100vw, 225px\" \/><\/a><\/h4>\n<h2>Gutschein<\/h2>\n<p>Nach der Probefahrt erhalten Sie von uns einen Gutschein. Damit erhalten Sie einen Rabatt auf den Kauf eines Fahrrads.<br \/>\nBeim Kauf des getesteten Fahrrads wird der bezahlte Testpreis abgezogen.<br \/>\nBeim Kauf eines anderen Fahrrads erhalten Sie einen Rabatt von maximal 140 \u20ac.<br \/>\nSie k\u00f6nnen das Fahrrad dann 2 bis 3 Mal kostenlos ausprobieren.<\/p>\n<p>M\u00f6chten Sie ein zweir\u00e4driges Liegerad ausprobieren und haben noch keine Erfahrung? Lesen Sie dann die Anleitung zum Fahren eines Liegerads. de-eerste-maal-ligfietsen\/<\/p>\n<p>Das Gleichgewicht auf dem R\u00fccken liegend zu halten, muss man erst lernen. Wir helfen Ihnen dabei, und fast jeder schafft es.<\/p>\n<h2>Sich verfahren?<\/h2>\n<p>Das muss nicht sein, Sie erhalten ein GPS mit einer sch\u00f6nen lokalen Route.<\/p>\n<p>Wir erwarten von Ihnen, dass Sie eine unserer Routen fahren, da es hier viele Sandwege gibt, auf denen wir unsere Fahrr\u00e4der nicht gerne sehen.<\/p>\n<p><a href=\"https:\/\/ace-shop.com\/wp-content\/uploads\/2020\/10\/ace-gps.jpg\"><img loading=\"lazy\" decoding=\"async\" class=\"size-medium wp-image-2648 aligncenter\" src=\"https:\/\/ace-shop.com\/wp-content\/uploads\/2020\/10\/ace-gps-178x300.jpg\" alt=\"\" width=\"178\" height=\"300\" srcset=\"https:\/\/ace-shop.com\/wp-content\/uploads\/2020\/10\/ace-gps-178x300.jpg 178w, https:\/\/ace-shop.com\/wp-content\/uploads\/2020\/10\/ace-gps-150x253.avif 150w, https:\/\/ace-shop.com\/wp-content\/uploads\/2020\/10\/ace-gps-608x1024.jpg 608w, https:\/\/ace-shop.com\/wp-content\/uploads\/2020\/10\/ace-gps-768x1293.jpg 768w, https:\/\/ace-shop.com\/wp-content\/uploads\/2020\/10\/ace-gps-912x1536.jpg 912w, https:\/\/ace-shop.com\/wp-content\/uploads\/2020\/10\/ace-gps.avif 950w\" sizes=\"auto, (max-width: 178px) 100vw, 178px\" \/><\/a>[\/vc_column_text][\/vc_column][vc_column width=&#8220;1\/2&#8243; mobile_bg_img_hidden=&#8220;no&#8220; tablet_bg_img_hidden=&#8220;no&#8220; woodmart_parallax=&#8220;0&#8243; woodmart_sticky_column=&#8220;false&#8220; parallax_scroll=&#8220;no&#8220; mobile_reset_margin=&#8220;no&#8220; tablet_reset_margin=&#8220;no&#8220;][vc_column_text css=&#8220;&#8220; text_larger=&#8220;no&#8220; woodmart_inline=&#8220;no&#8220;]<\/p>\n<h2>Radwege<\/h2>\n<p>Wir haben eine Reihe von Routen, die Sie w\u00e4hrend der Probefahrt befahren k\u00f6nnen.[\/vc_column_text]<div id=\"wd-68f0bd6f88ec0\" class=\" wd-rs-68f0bd6f88ec0  wd-button-wrapper text-center\"><a href=\"https:\/\/ace-shop.com\/de\/welches-liegerad\/fahrradrouten-tour\/\" title=\"Weiter zu Radrouten, Touren und Arrangements\" class=\"btn btn-color-primary btn-style-bordered btn-shape-rectangle btn-size-default\">Weiter zu Radrouten, Touren und Arrangements<\/a><\/div>[vc_column_text css=&#8220;&#8220; woodmart_inline=&#8220;no&#8220; text_larger=&#8220;no&#8220;]<\/p>\n<h3><\/h3>\n<p>&nbsp;<\/p>\n<h2>Wirst du bald diese Aussicht haben?<\/h2>\n<p>&nbsp;<\/p>\n<p>[\/vc_column_text][vc_single_image image=&#8220;1069&#8243; img_size=&#8220;600X800&#8243; css=&#8220;.vc_custom_1585307934342{margin-top: 20px !important;}&#8220; parallax_scroll=&#8220;no&#8220;]<div id=\"wd-68f0bdd0d2c10\" class=\" wd-rs-68f0bdd0d2c10  wd-button-wrapper text-center\"><a href=\"https:\/\/www.buienradar.nl\/h.aspx?jaar=-3&soort=loop1uur\" title=\"buienradar.nl\" target=\"_blank\" class=\"btn btn-color-primary btn-style-bordered btn-shape-rectangle btn-size-default\">Wird das Wetter sch\u00f6n bleiben?<\/a><\/div>[\/vc_column][\/vc_row][vc_row][vc_column][vc_column_text][\/vc_column_text][\/vc_column][\/vc_row]<\/p>\n<\/div>","protected":false},"excerpt":{"rendered":"<p>[vc_row][vc_column][vc_column_text css=&#8220;&#8220; text_larger=&#8220;no&#8220; woodmart_inline=&#8220;no&#8220;] Welches Liegerad? [\/vc_column_text][\/vc_column][\/vc_row][vc_row equal_height=&#8220;yes&#8220; content_placement=&#8220;top&#8220; mobile_bg_img_hidden=&#8220;no&#8220; tablet_bg_img_hidden=&#8220;no&#8220; woodmart_parallax=&#8220;0&#8243; woodmart_gradient_switch=&#8220;no&#8220; row_reverse_mobile=&#8220;0&#8243; row_reverse_tablet=&#8220;0&#8243; woodmart_disable_overflow=&#8220;0&#8243;][vc_column width=&#8220;1\/2&#8243; css=&#8220;.vc_custom_1570838656767{margin-bottom: 35px !important;}&#8220;<\/p>\n","protected":false},"author":1,"featured_media":0,"parent":1137,"menu_order":0,"comment_status":"closed","ping_status":"closed","template":"","meta":{"_acf_changed":false,"_lmt_disableupdate":"no","_lmt_disable":"","footnotes":""},"class_list":["post-1154","page","type-page","status-publish","hentry"],"acf":[],"_links":{"self":[{"href":"https:\/\/ace-shop.com\/de\/wp-json\/wp\/v2\/pages\/1154","targetHints":{"allow":["GET"]}}],"collection":[{"href":"https:\/\/ace-shop.com\/de\/wp-json\/wp\/v2\/pages"}],"about":[{"href":"https:\/\/ace-shop.com\/de\/wp-json\/wp\/v2\/types\/page"}],"author":[{"embeddable":true,"href":"https:\/\/ace-shop.com\/de\/wp-json\/wp\/v2\/users\/1"}],"replies":[{"embeddable":true,"href":"https:\/\/ace-shop.com\/de\/wp-json\/wp\/v2\/comments?post=1154"}],"version-history":[{"count":34,"href":"https:\/\/ace-shop.com\/de\/wp-json\/wp\/v2\/pages\/1154\/revisions"}],"predecessor-version":[{"id":7100,"href":"https:\/\/ace-shop.com\/de\/wp-json\/wp\/v2\/pages\/1154\/revisions\/7100"}],"up":[{"embeddable":true,"href":"https:\/\/ace-shop.com\/de\/wp-json\/wp\/v2\/pages\/1137"}],"wp:attachment":[{"href":"https:\/\/ace-shop.com\/de\/wp-json\/wp\/v2\/media?parent=1154"}],"curies":[{"name":"wp","href":"https:\/\/api.w.org\/{rel}","templated":true}]}}