{"id":1116,"date":"2019-10-31T10:52:41","date_gmt":"2019-10-31T10:52:41","guid":{"rendered":"https:\/\/ace-shop.com\/?page_id=1116"},"modified":"2026-05-01T00:17:12","modified_gmt":"2026-05-01T00:17:12","slug":"der-laden","status":"publish","type":"page","link":"https:\/\/ace-shop.com\/de\/der-laden\/","title":{"rendered":"Der Laden"},"content":{"rendered":"<div class=\"wpb-content-wrapper\"><p>[vc_row equal_height=&#8220;yes&#8220; content_placement=&#8220;top&#8220; mobile_bg_img_hidden=&#8220;no&#8220; tablet_bg_img_hidden=&#8220;no&#8220; woodmart_parallax=&#8220;0&#8243; woodmart_gradient_switch=&#8220;no&#8220; row_reverse_mobile=&#8220;0&#8243; row_reverse_tablet=&#8220;0&#8243; woodmart_disable_overflow=&#8220;0&#8243; css=&#8220;.vc_custom_1572517495375{padding-top: 20px !important;}&#8220;][vc_column width=&#8220;1\/2&#8243; css=&#8220;.vc_custom_1570838656767{margin-bottom: 35px !important;}&#8220; mobile_bg_img_hidden=&#8220;no&#8220; tablet_bg_img_hidden=&#8220;no&#8220; woodmart_parallax=&#8220;0&#8243; woodmart_sticky_column=&#8220;false&#8220; parallax_scroll=&#8220;no&#8220; mobile_reset_margin=&#8220;no&#8220; tablet_reset_margin=&#8220;no&#8220;][vc_column_text css=&#8220;&#8220; text_larger=&#8220;no&#8220; woodmart_inline=&#8220;no&#8220;]<strong>ACE-Trikes-Lieger\u00e4der ist eine zuverl\u00e4ssige Adresse f\u00fcr alle Ihre Trikes und Liegeradfragen. Seit 1995 in Winterswijk.<\/strong><\/p>\n<h4>Adresse und Kontakt<\/h4>\n<p>Weurden 60<\/p>\n<p>7101 NL Winterswijk<\/p>\n<p>Tel.: 0031 543 530905<\/p>\n<p>Email: <a href=\"mailto:info@ace-shop.com\">info@ace-shop.com<\/a><br \/>\nWebsite: <a href=\"http:\/\/www.ace-shop.com\">ace-shop.com<\/a><br \/>\nMelden Sie sich bei mail f\u00fcr die Mailingliste an.<\/p>\n<h4>\u00d6ffnungszeiten<\/h4>\n<div class=\"tableflex\">\n<div class=\"tableflexleft\">Mittwoch<br \/>\nFreitag<br \/>\nSamstag<\/div>\n<div class=\"tableflexright\">11:00 &#8211; 17:00<br \/>\n10:30 &#8211; 17:00<br \/>\n10:30 &#8211; 17:00<\/div>\n<\/div>\n<p>Wir machen von 12:30 bis 13:00 Uhr Pause.<\/p>\n<p>Wir nehmen uns gerne Zeit f\u00fcr Sie und bitten Sie, vorab einen Termin zu vereinbaren.<\/p>\n<p><strong>Rufen Sie uns f\u00fcr einen Termin an: 0543 530905<\/strong><\/p>\n<p>&nbsp;<\/p>\n<p><strong>Haben Sie Fragen?<\/strong><\/p>\n<p>Mailing ist m\u00f6glich, f\u00fcr kurze klare Fragen. Wir k\u00f6nnen ausf\u00fchrlichere Fragen besser telefonisch oder pers\u00f6nlich in unserem Laden beantworten.[\/vc_column_text][vc_column_text css=&#8220;&#8220; text_larger=&#8220;no&#8220; woodmart_inline=&#8220;no&#8220;]<\/p>\n<h2><\/h2>\n<h2>Was machen wir?<\/h2>\n<h2>Verkauf:<\/h2>\n<p><strong>Trikes und Lieger\u00e4der<\/strong><\/p>\n<p>\u2022 Ein Trike\/Liegerad kauft man nicht einfach so. Rechnen Sie mit einer ausf\u00fchrlichen <strong>Beratung<\/strong>, nehmen Sie sich also Zeit.<br \/>\n\u2022 Wir fragen Sie, was Sie mit dem Fahrrad alles machen m\u00f6chten. Wir beraten Sie, welcher Fahrradtyp am besten zu Ihren W\u00fcnschen passt. Auf dem Liegerad-Konfigurator dieser Website k\u00f6nnen Sie sich bereits vorab informieren. Das spart Zeit im Laden.<br \/>\n\u2022 Eine <strong>Probefahrt<\/strong> geh\u00f6rt dazu. Siehe: Ein Liegerad ausprobieren<br \/>\n\u2022 Die vorr\u00e4tigen Fahrr\u00e4der stehen zum Verkauf und k\u00f6nnen ausprobiert werden, viele andere Modelle k\u00f6nnen Sie bei uns bestellen. Sie finden sie im Liegerad-Konfigurator.<br \/>\n\u2022 Holen Sie Ihr Fahrrad ab? Wir stellen es individuell f\u00fcr Sie ein und geben Ihnen die notwendigen Informationen zur Nutzung und Wartung. (Hier k\u00f6nnen Sie sich bereits vorab informieren).<br \/>\n\u2022 Die <strong>Bezahlung<\/strong> erfolgt vorzugsweise per PIN-Zahlung. Erh\u00f6hen Sie gegebenenfalls Ihr Limit im Voraus. Oftmals betrifft dies sowohl das Zahlungslimit als auch das Limit der PIN-Karte. Wir akzeptieren auch Kreditkarten und Bargeld. Sie k\u00f6nnen auch im Voraus Geld \u00fcberweisen.<br \/>\n\u2022 Sie m\u00f6chten ein Liegerad woanders kaufen und w\u00fcnschen eine \u201ezweite Meinung\u201d. Oder Sie haben ein Fahrrad im Internet gesehen und m\u00f6chten wissen, ob es das richtige f\u00fcr Sie ist. Wir stehen Ihnen gerne kurz zur Verf\u00fcgung, aber nicht ausf\u00fchrlich. Unser kostenloser Liegerad-Ombudsmann ist unsere Website. Wenn Sie weitere Fragen haben, besuchen Sie ligfiets.net. Dort finden Sie eine Antwortdatenbank und Erfahrungsberichte zu vielen Modellen.<\/p>\n<h3>Kostenlose \u00dcberpr\u00fcfung:<\/h3>\n<p>\u2022 Jedes Fahrrad, das vom Hersteller geliefert wird, wird von uns vollst\u00e4ndig \u00fcberpr\u00fcft.<br \/>\n\u2022 Nach 300-500 km oder 2 Monaten nach dem Kauf k\u00f6nnen Sie zu einer kostenlosen ersten Inspektion vorbeikommen. Wenn sich dann eine Schraube oder Speiche gel\u00f6st hat (das kommt manchmal vor), sehen wir das und ziehen sie wieder fest. (Danach bleiben sie in der Regel gut fest sitzen.)<\/p>\n<h3><strong>Wartung:<\/strong><\/h3>\n<p>Ab dem 1.1.2026 \u00fcbernimmt Wytske de Jong von \u201eAchterhoek Cycle Engineering\u201d die Wartung in unserer Werkstatt.<br \/>\nSie ist ausgebildete Technikerin (TU) und verf\u00fcgte daher bereits \u00fcber viel Wissen und Einblick. Wir haben sie jedoch zur Trike- und Liegerad-Spezialistin ausgebildet.<br \/>\nSie m\u00f6chte in den n\u00e4chsten 30 Jahren Ihr Liegerad und\/oder Trike und\/oder Velomobil mit Engagement auf dem Ihnen bereits bekannten Niveau warten. Da sie ihr Unternehmen bei uns untergebracht hat, k\u00f6nnen wir sie weiterhin mit Rat und Tat unterst\u00fctzen. \u00dcber 30 Jahre Erfahrung hat man nat\u00fcrlich nicht einfach so. Und manchmal braucht man bei einer Probefahrt eine zus\u00e4tzliche Hand oder lange Beine.<\/p>\n<p>Sie k\u00f6nnen Wytske de Jong erreichen \u00fcber:<\/p>\n<p>ihre Website: https:\/\/ace-fietsen.nl\/<\/p>\n<p>E-Mail: info@ace-fietsen.nl ,<\/p>\n<p>Telefon: 06-38731057 Erreichbar: Di\u2013Fr 10\u201317 Uhr<\/p>\n<h3><strong>Lieferservice<\/strong><\/h3>\n<p>Ihr Fahrrad kann zur Wartung abgeholt werden. (Wir haben keine tragbare Werkstatt, daher ist eine Wartung zu Hause nicht m\u00f6glich.)<\/p>\n<p>Und wir k\u00f6nnen vorbeikommen, wenn Sie ein Fahrrad kaufen m\u00f6chten, aber zuerst eine Probefahrt machen m\u00f6chten.<\/p>\n<p>Wir berechnen Reisekosten in H\u00f6he von 1,60 pro gefahrenem Kilometer. Das enthalt Zeit und Kfz. Kosten. Bitte kontaktieren Sie uns, wenn Sie daran interessiert sind.<\/p>\n<h3><strong>Probefahrten.<\/strong><\/h3>\n<p>Wir hoffen, Sie bringen gutes Wetter und einen Ausweis. Weitere Infos hier klicken<\/p>\n<p>Mark liebt auch Kaffee und teilt ihn gerne mit Ihnen.[\/vc_column_text][vc_column_text css=&#8220;.vc_custom_1763907646127{padding-top: 15px !important;padding-right: 15px !important;padding-bottom: 15px !important;padding-left: 15px !important;background-color: #e6e6e6 !important;}&#8220; text_larger=&#8220;no&#8220; woodmart_inline=&#8220;no&#8220;]<\/p>\n<h4>Parkplatz:<\/h4>\n<ul>\n<li>Direkt neben der Eingangst\u00fcr des Ladens, wenn Sie schlecht zu Fu\u00df sind, ansonsten rechts in der Stra\u00dfe<\/li>\n<li>oder auf dem Parkplatz in der n\u00e4chsten Seitenstra\u00dfe rechts nach dem Laden.<\/li>\n<li>Der Bahnhof Winterswijk ist in 10 Minuten zu Fu\u00df erreichbar.<\/li>\n<\/ul>\n<p>[\/vc_column_text][\/vc_column][vc_column width=&#8220;1\/2&#8243; mobile_bg_img_hidden=&#8220;no&#8220; tablet_bg_img_hidden=&#8220;no&#8220; woodmart_parallax=&#8220;0&#8243; woodmart_sticky_column=&#8220;false&#8220; parallax_scroll=&#8220;no&#8220; mobile_reset_margin=&#8220;no&#8220; tablet_reset_margin=&#8220;no&#8220;][vc_single_image image=&#8220;995&#8243; img_size=&#8220;large&#8220; parallax_scroll=&#8220;no&#8220;][vc_column_text css=&#8220;&#8220; woodmart_inline=&#8220;no&#8220; text_larger=&#8220;no&#8220;]<\/p>\n<h2>Wir sind H\u00e4ndler folgender Qualit\u00e4tsmarken:<\/h2>\n<p><a href=\"https:\/\/hasebikes.com\/de\/\" target=\"_blank\" rel=\"noopener\"><img loading=\"lazy\" decoding=\"async\" class=\"alignnone wp-image-4045 size-full\" src=\"https:\/\/ace-shop.com\/wp-content\/uploads\/2022\/03\/hase-logo.jpg\" alt=\"\" width=\"218\" height=\"76\" \/><\/a><br \/>\nEin deutscher Hersteller von Trikes des Modells Delta (ein Rad vorne).<\/p>\n<p>Sie haben ein neues Modell auf den Markt gebracht: Das Hase Kettwiesel One.<\/p>\n<p>Aber sie liefern auch noch die erschwinglicheren Modelle Trigo und Trigo-up (mit einem Oberlenker). Und eine umfangreiche Reihe spezieller Zubeh\u00f6rteile, damit fast jeder Fahrrad fahren kann.<\/p>\n<p><span class=\"VIiyi\" lang=\"de\"><span class=\"JLqJ4b\" data-language-for-alternatives=\"de\" data-language-to-translate-into=\"nl\" data-phrase-index=\"0\" data-number-of-phrases=\"1\">Die Fabrik<\/span><\/span> befindet sich in Waltrop im Ruhrgebiet, wo wir es regelm\u00e4\u00dfig besuchen, um uns \u00fcber die neusten Produkte zu informieren.<\/p>\n<p><a href=\"https:\/\/www.hpvelotechnik.com\/de\/\" target=\"_blank\" rel=\"noopener\"><img loading=\"lazy\" decoding=\"async\" class=\"alignnone wp-image-4051 size-full\" src=\"https:\/\/ace-shop.com\/wp-content\/uploads\/2022\/03\/HP_Velotechniklogo.jpg\" alt=\"\" width=\"200\" height=\"94\" \/><\/a><\/p>\n<p>Ebenfalls aus Deutschland, aus Kriftel, aber sie haben eine komplette Liegerad-Produktreihe mit Trikes, aber auch Zweir\u00e4dern.<\/p>\n<p>Die Konstruktion eines Tadpole-Trikes (mit zwei Vorderr\u00e4dern) erm\u00f6glicht sowohl eine niedrige als auch eine hohe Sitzposition. F\u00fcr Liebhaber eines Delta-Modells (mit einem Vorderrad) gibt es aber auch das HP Delta TX.<\/p>\n<p>&nbsp;<\/p>\n<p>HP hat auch ein umfangreiches Sortiment an speziellem Zubeh\u00f6r, damit fast jeder (wieder) Rad fahren kann.<\/p>\n<p><a href=\"https:\/\/www.icetrikes.co\/\" target=\"_blank\" rel=\"noopener\"><img loading=\"lazy\" decoding=\"async\" class=\"alignnone wp-image-4054 size-full\" src=\"https:\/\/ace-shop.com\/wp-content\/uploads\/2022\/03\/ice-logo.jpg\" alt=\"\" width=\"200\" height=\"115\" \/><\/a><\/p>\n<p><span class=\"VIiyi\" lang=\"de\"><span class=\"JLqJ4b\" data-language-for-alternatives=\"de\" data-language-to-translate-into=\"nl\" data-phrase-index=\"0\" data-number-of-phrases=\"1\">ICE kommt aus England. Und macht seine Trikes zum Teil aus Stahl.\u00a0<\/span><\/span> Das gibt etwas mehr Federung als die \u00fcberdimensionierten Alurohre der deutschen Hersteller. Dadurch ben\u00f6tigen leichte Menschen oft keine zus\u00e4tzliche Federung, was sich in Gewicht und Preis auswirkt. Aber f\u00fcr starke und schwere Menschen gibt es manchmal zu viel mit.<\/p>\n<p>[\/vc_column_text][\/vc_column][\/vc_row]<\/p>\n<\/div>","protected":false},"excerpt":{"rendered":"<p>[vc_row equal_height=&#8220;yes&#8220; content_placement=&#8220;top&#8220; mobile_bg_img_hidden=&#8220;no&#8220; tablet_bg_img_hidden=&#8220;no&#8220; woodmart_parallax=&#8220;0&#8243; woodmart_gradient_switch=&#8220;no&#8220; row_reverse_mobile=&#8220;0&#8243; row_reverse_tablet=&#8220;0&#8243; woodmart_disable_overflow=&#8220;0&#8243; css=&#8220;.vc_custom_1572517495375{padding-top: 20px !important;}&#8220;][vc_column width=&#8220;1\/2&#8243; css=&#8220;.vc_custom_1570838656767{margin-bottom: 35px !important;}&#8220; mobile_bg_img_hidden=&#8220;no&#8220; tablet_bg_img_hidden=&#8220;no&#8220; woodmart_parallax=&#8220;0&#8243;<\/p>\n","protected":false},"author":1,"featured_media":0,"parent":0,"menu_order":0,"comment_status":"closed","ping_status":"closed","template":"","meta":{"_acf_changed":false,"_lmt_disableupdate":"no","_lmt_disable":"","footnotes":""},"class_list":["post-1116","page","type-page","status-publish","hentry"],"acf":[],"_links":{"self":[{"href":"https:\/\/ace-shop.com\/de\/wp-json\/wp\/v2\/pages\/1116","targetHints":{"allow":["GET"]}}],"collection":[{"href":"https:\/\/ace-shop.com\/de\/wp-json\/wp\/v2\/pages"}],"about":[{"href":"https:\/\/ace-shop.com\/de\/wp-json\/wp\/v2\/types\/page"}],"author":[{"embeddable":true,"href":"https:\/\/ace-shop.com\/de\/wp-json\/wp\/v2\/users\/1"}],"replies":[{"embeddable":true,"href":"https:\/\/ace-shop.com\/de\/wp-json\/wp\/v2\/comments?post=1116"}],"version-history":[{"count":10,"href":"https:\/\/ace-shop.com\/de\/wp-json\/wp\/v2\/pages\/1116\/revisions"}],"predecessor-version":[{"id":7288,"href":"https:\/\/ace-shop.com\/de\/wp-json\/wp\/v2\/pages\/1116\/revisions\/7288"}],"wp:attachment":[{"href":"https:\/\/ace-shop.com\/de\/wp-json\/wp\/v2\/media?parent=1116"}],"curies":[{"name":"wp","href":"https:\/\/api.w.org\/{rel}","templated":true}]}}